{"id":656,"date":"2026-01-30T11:06:03","date_gmt":"2026-01-30T11:06:03","guid":{"rendered":"https:\/\/racetou.se\/?post_type=product&#038;p=656"},"modified":"2026-04-01T14:18:02","modified_gmt":"2026-04-01T14:18:02","slug":"racetou-mossa","status":"publish","type":"product","link":"https:\/\/racetou.se\/index.php\/produkt\/racetou-mossa\/","title":{"rendered":"Racetou m\u00f6ssa"},"content":{"rendered":"<p>Racetous beanie \u00e4r en sk\u00f6n m\u00f6ssa att ha p\u00e5 t\u00e4vling eller bara n\u00e4r du \u00e4r ute. Den \u00e4r en sl\u00e4tstickad, stretchig m\u00f6ssa i l\u00e4ngre modell (ca 27 cm h\u00f6g) med logo \u00f6ver h\u00f6ger \u00f6ga. M\u00f6ssan har fyra s\u00f6mmar p\u00e5 toppen varav en l\u00e5ng s\u00f6m bak. One size.<br \/>\nMaterial: 92% bomull, 8% spandex.<\/p>\n<p>&nbsp;<\/p>\n","protected":false},"excerpt":{"rendered":"<p>Racetous beanie \u00e4r en sk\u00f6n m\u00f6ssa att ha p\u00e5 t\u00e4vling eller bara n\u00e4r du \u00e4r ute. Den \u00e4r en sl\u00e4tstickad, stretchig m\u00f6ssa i l\u00e4ngre modell (ca 27 cm h\u00f6g) med logo \u00f6ver h\u00f6ger \u00f6ga. M\u00f6ssan har fyra s\u00f6mmar p\u00e5 toppen varav en l\u00e5ng s\u00f6m bak. One size. Material: 92% bomull, 8% spandex. &nbsp;<\/p>\n","protected":false},"featured_media":657,"comment_status":"open","ping_status":"closed","template":"","meta":[],"product_brand":[],"product_cat":[15],"product_tag":[25],"class_list":{"0":"post-656","1":"product","2":"type-product","3":"status-publish","4":"has-post-thumbnail","6":"product_cat-okategoriserad","7":"product_tag-merch","9":"first","10":"instock","11":"taxable","12":"shipping-taxable","13":"purchasable","14":"product-type-variable"},"yoast_head":"<!-- This site is optimized with the Yoast SEO plugin v27.5 - https:\/\/yoast.com\/product\/yoast-seo-wordpress\/ -->\n<title>Racetou m\u00f6ssa - Racetou<\/title>\n<meta name=\"description\" content=\"Racetous beanie \u00e4r en sk\u00f6n, sl\u00e4tstickad one size m\u00f6ssa med logo \u00f6ver h\u00f6ger \u00f6ga. Perfekt att ha p\u00e5 t\u00e4vling eller bara n\u00e4r du \u00e4r ute.\" \/>\n<meta name=\"robots\" content=\"index, follow, max-snippet:-1, max-image-preview:large, max-video-preview:-1\" \/>\n<link rel=\"canonical\" href=\"https:\/\/racetou.se\/index.php\/produkt\/racetou-mossa\/\" \/>\n<meta property=\"og:locale\" content=\"sv_SE\" \/>\n<meta property=\"og:type\" content=\"article\" \/>\n<meta property=\"og:title\" content=\"Racetou m\u00f6ssa - Racetou\" \/>\n<meta property=\"og:description\" content=\"Racetous beanie \u00e4r en sk\u00f6n, sl\u00e4tstickad one size m\u00f6ssa med logo \u00f6ver h\u00f6ger \u00f6ga. Perfekt att ha p\u00e5 t\u00e4vling eller bara n\u00e4r du \u00e4r ute.\" \/>\n<meta property=\"og:url\" content=\"https:\/\/racetou.se\/index.php\/produkt\/racetou-mossa\/\" \/>\n<meta property=\"og:site_name\" content=\"Racetou\" \/>\n<meta property=\"article:modified_time\" content=\"2026-04-01T14:18:02+00:00\" \/>\n<meta property=\"og:image\" content=\"https:\/\/racetou.se\/wp-content\/uploads\/2026\/01\/mossor.png\" \/>\n\t<meta property=\"og:image:width\" content=\"1181\" \/>\n\t<meta property=\"og:image:height\" content=\"1135\" \/>\n\t<meta property=\"og:image:type\" content=\"image\/png\" \/>\n<meta name=\"twitter:card\" content=\"summary_large_image\" \/>\n<meta name=\"twitter:label1\" content=\"Ber\u00e4knad l\u00e4stid\" \/>\n\t<meta name=\"twitter:data1\" content=\"1 minut\" \/>\n<script type=\"application\/ld+json\" class=\"yoast-schema-graph\">{\"@context\":\"https:\\\/\\\/schema.org\",\"@graph\":[{\"@type\":\"WebPage\",\"@id\":\"https:\\\/\\\/racetou.se\\\/index.php\\\/produkt\\\/racetou-mossa\\\/\",\"url\":\"https:\\\/\\\/racetou.se\\\/index.php\\\/produkt\\\/racetou-mossa\\\/\",\"name\":\"Racetou m\u00f6ssa - Racetou\",\"isPartOf\":{\"@id\":\"https:\\\/\\\/racetou.se\\\/#website\"},\"primaryImageOfPage\":{\"@id\":\"https:\\\/\\\/racetou.se\\\/index.php\\\/produkt\\\/racetou-mossa\\\/#primaryimage\"},\"image\":{\"@id\":\"https:\\\/\\\/racetou.se\\\/index.php\\\/produkt\\\/racetou-mossa\\\/#primaryimage\"},\"thumbnailUrl\":\"https:\\\/\\\/racetou.se\\\/wp-content\\\/uploads\\\/2026\\\/01\\\/mossor.png\",\"datePublished\":\"2026-01-30T11:06:03+00:00\",\"dateModified\":\"2026-04-01T14:18:02+00:00\",\"description\":\"Racetous beanie \u00e4r en sk\u00f6n, sl\u00e4tstickad one size m\u00f6ssa med logo \u00f6ver h\u00f6ger \u00f6ga. Perfekt att ha p\u00e5 t\u00e4vling eller bara n\u00e4r du \u00e4r ute.\",\"breadcrumb\":{\"@id\":\"https:\\\/\\\/racetou.se\\\/index.php\\\/produkt\\\/racetou-mossa\\\/#breadcrumb\"},\"inLanguage\":\"sv-SE\",\"potentialAction\":[{\"@type\":\"ReadAction\",\"target\":[\"https:\\\/\\\/racetou.se\\\/index.php\\\/produkt\\\/racetou-mossa\\\/\"]}]},{\"@type\":\"ImageObject\",\"inLanguage\":\"sv-SE\",\"@id\":\"https:\\\/\\\/racetou.se\\\/index.php\\\/produkt\\\/racetou-mossa\\\/#primaryimage\",\"url\":\"https:\\\/\\\/racetou.se\\\/wp-content\\\/uploads\\\/2026\\\/01\\\/mossor.png\",\"contentUrl\":\"https:\\\/\\\/racetou.se\\\/wp-content\\\/uploads\\\/2026\\\/01\\\/mossor.png\",\"width\":1181,\"height\":1135,\"caption\":\"Racetou beanie\"},{\"@type\":\"BreadcrumbList\",\"@id\":\"https:\\\/\\\/racetou.se\\\/index.php\\\/produkt\\\/racetou-mossa\\\/#breadcrumb\",\"itemListElement\":[{\"@type\":\"ListItem\",\"position\":1,\"name\":\"Hem\",\"item\":\"https:\\\/\\\/racetou.se\\\/\"},{\"@type\":\"ListItem\",\"position\":2,\"name\":\"Butik\",\"item\":\"https:\\\/\\\/racetou.se\\\/index.php\\\/butik\\\/\"},{\"@type\":\"ListItem\",\"position\":3,\"name\":\"Racetou m\u00f6ssa\"}]},{\"@type\":\"WebSite\",\"@id\":\"https:\\\/\\\/racetou.se\\\/#website\",\"url\":\"https:\\\/\\\/racetou.se\\\/\",\"name\":\"Racetou\",\"description\":\"Milj\u00f6skyddsmatta f\u00f6r motorracing\",\"publisher\":{\"@id\":\"https:\\\/\\\/racetou.se\\\/#organization\"},\"potentialAction\":[{\"@type\":\"SearchAction\",\"target\":{\"@type\":\"EntryPoint\",\"urlTemplate\":\"https:\\\/\\\/racetou.se\\\/?s={search_term_string}\"},\"query-input\":{\"@type\":\"PropertyValueSpecification\",\"valueRequired\":true,\"valueName\":\"search_term_string\"}}],\"inLanguage\":\"sv-SE\"},{\"@type\":\"Organization\",\"@id\":\"https:\\\/\\\/racetou.se\\\/#organization\",\"name\":\"Racetou\",\"url\":\"https:\\\/\\\/racetou.se\\\/\",\"logo\":{\"@type\":\"ImageObject\",\"inLanguage\":\"sv-SE\",\"@id\":\"https:\\\/\\\/racetou.se\\\/#\\\/schema\\\/logo\\\/image\\\/\",\"url\":\"https:\\\/\\\/racetou.se\\\/wp-content\\\/uploads\\\/2025\\\/12\\\/Rityta-1.png\",\"contentUrl\":\"https:\\\/\\\/racetou.se\\\/wp-content\\\/uploads\\\/2025\\\/12\\\/Rityta-1.png\",\"width\":325,\"height\":322,\"caption\":\"Racetou\"},\"image\":{\"@id\":\"https:\\\/\\\/racetou.se\\\/#\\\/schema\\\/logo\\\/image\\\/\"}}]}<\/script>\n<!-- \/ Yoast SEO plugin. -->","yoast_head_json":{"title":"Racetou m\u00f6ssa - Racetou","description":"Racetous beanie \u00e4r en sk\u00f6n, sl\u00e4tstickad one size m\u00f6ssa med logo \u00f6ver h\u00f6ger \u00f6ga. Perfekt att ha p\u00e5 t\u00e4vling eller bara n\u00e4r du \u00e4r ute.","robots":{"index":"index","follow":"follow","max-snippet":"max-snippet:-1","max-image-preview":"max-image-preview:large","max-video-preview":"max-video-preview:-1"},"canonical":"https:\/\/racetou.se\/index.php\/produkt\/racetou-mossa\/","og_locale":"sv_SE","og_type":"article","og_title":"Racetou m\u00f6ssa - Racetou","og_description":"Racetous beanie \u00e4r en sk\u00f6n, sl\u00e4tstickad one size m\u00f6ssa med logo \u00f6ver h\u00f6ger \u00f6ga. Perfekt att ha p\u00e5 t\u00e4vling eller bara n\u00e4r du \u00e4r ute.","og_url":"https:\/\/racetou.se\/index.php\/produkt\/racetou-mossa\/","og_site_name":"Racetou","article_modified_time":"2026-04-01T14:18:02+00:00","og_image":[{"width":1181,"height":1135,"url":"https:\/\/racetou.se\/wp-content\/uploads\/2026\/01\/mossor.png","type":"image\/png"}],"twitter_card":"summary_large_image","twitter_misc":{"Ber\u00e4knad l\u00e4stid":"1 minut"},"schema":{"@context":"https:\/\/schema.org","@graph":[{"@type":"WebPage","@id":"https:\/\/racetou.se\/index.php\/produkt\/racetou-mossa\/","url":"https:\/\/racetou.se\/index.php\/produkt\/racetou-mossa\/","name":"Racetou m\u00f6ssa - Racetou","isPartOf":{"@id":"https:\/\/racetou.se\/#website"},"primaryImageOfPage":{"@id":"https:\/\/racetou.se\/index.php\/produkt\/racetou-mossa\/#primaryimage"},"image":{"@id":"https:\/\/racetou.se\/index.php\/produkt\/racetou-mossa\/#primaryimage"},"thumbnailUrl":"https:\/\/racetou.se\/wp-content\/uploads\/2026\/01\/mossor.png","datePublished":"2026-01-30T11:06:03+00:00","dateModified":"2026-04-01T14:18:02+00:00","description":"Racetous beanie \u00e4r en sk\u00f6n, sl\u00e4tstickad one size m\u00f6ssa med logo \u00f6ver h\u00f6ger \u00f6ga. Perfekt att ha p\u00e5 t\u00e4vling eller bara n\u00e4r du \u00e4r ute.","breadcrumb":{"@id":"https:\/\/racetou.se\/index.php\/produkt\/racetou-mossa\/#breadcrumb"},"inLanguage":"sv-SE","potentialAction":[{"@type":"ReadAction","target":["https:\/\/racetou.se\/index.php\/produkt\/racetou-mossa\/"]}]},{"@type":"ImageObject","inLanguage":"sv-SE","@id":"https:\/\/racetou.se\/index.php\/produkt\/racetou-mossa\/#primaryimage","url":"https:\/\/racetou.se\/wp-content\/uploads\/2026\/01\/mossor.png","contentUrl":"https:\/\/racetou.se\/wp-content\/uploads\/2026\/01\/mossor.png","width":1181,"height":1135,"caption":"Racetou beanie"},{"@type":"BreadcrumbList","@id":"https:\/\/racetou.se\/index.php\/produkt\/racetou-mossa\/#breadcrumb","itemListElement":[{"@type":"ListItem","position":1,"name":"Hem","item":"https:\/\/racetou.se\/"},{"@type":"ListItem","position":2,"name":"Butik","item":"https:\/\/racetou.se\/index.php\/butik\/"},{"@type":"ListItem","position":3,"name":"Racetou m\u00f6ssa"}]},{"@type":"WebSite","@id":"https:\/\/racetou.se\/#website","url":"https:\/\/racetou.se\/","name":"Racetou","description":"Milj\u00f6skyddsmatta f\u00f6r motorracing","publisher":{"@id":"https:\/\/racetou.se\/#organization"},"potentialAction":[{"@type":"SearchAction","target":{"@type":"EntryPoint","urlTemplate":"https:\/\/racetou.se\/?s={search_term_string}"},"query-input":{"@type":"PropertyValueSpecification","valueRequired":true,"valueName":"search_term_string"}}],"inLanguage":"sv-SE"},{"@type":"Organization","@id":"https:\/\/racetou.se\/#organization","name":"Racetou","url":"https:\/\/racetou.se\/","logo":{"@type":"ImageObject","inLanguage":"sv-SE","@id":"https:\/\/racetou.se\/#\/schema\/logo\/image\/","url":"https:\/\/racetou.se\/wp-content\/uploads\/2025\/12\/Rityta-1.png","contentUrl":"https:\/\/racetou.se\/wp-content\/uploads\/2025\/12\/Rityta-1.png","width":325,"height":322,"caption":"Racetou"},"image":{"@id":"https:\/\/racetou.se\/#\/schema\/logo\/image\/"}}]}},"_links":{"self":[{"href":"https:\/\/racetou.se\/index.php\/wp-json\/wp\/v2\/product\/656","targetHints":{"allow":["GET"]}}],"collection":[{"href":"https:\/\/racetou.se\/index.php\/wp-json\/wp\/v2\/product"}],"about":[{"href":"https:\/\/racetou.se\/index.php\/wp-json\/wp\/v2\/types\/product"}],"replies":[{"embeddable":true,"href":"https:\/\/racetou.se\/index.php\/wp-json\/wp\/v2\/comments?post=656"}],"wp:featuredmedia":[{"embeddable":true,"href":"https:\/\/racetou.se\/index.php\/wp-json\/wp\/v2\/media\/657"}],"wp:attachment":[{"href":"https:\/\/racetou.se\/index.php\/wp-json\/wp\/v2\/media?parent=656"}],"wp:term":[{"taxonomy":"product_brand","embeddable":true,"href":"https:\/\/racetou.se\/index.php\/wp-json\/wp\/v2\/product_brand?post=656"},{"taxonomy":"product_cat","embeddable":true,"href":"https:\/\/racetou.se\/index.php\/wp-json\/wp\/v2\/product_cat?post=656"},{"taxonomy":"product_tag","embeddable":true,"href":"https:\/\/racetou.se\/index.php\/wp-json\/wp\/v2\/product_tag?post=656"}],"curies":[{"name":"wp","href":"https:\/\/api.w.org\/{rel}","templated":true}]}}