{"id":653,"date":"2026-01-30T10:54:19","date_gmt":"2026-01-30T10:54:19","guid":{"rendered":"https:\/\/racetou.se\/?post_type=product&#038;p=653"},"modified":"2026-04-01T14:17:22","modified_gmt":"2026-04-01T14:17:22","slug":"racetou-vattenflaska","status":"publish","type":"product","link":"https:\/\/racetou.se\/index.php\/produkt\/racetou-vattenflaska\/","title":{"rendered":"Racetou vattenflaska"},"content":{"rendered":"<p>Racetou m\u00f6rkgr\u00e5 vattenflaska med logo rymmer 0,5 liter och \u00e4r l\u00e4tt att ta med sig p\u00e5 alla typer av event.<\/p>\n","protected":false},"excerpt":{"rendered":"<p>Racetou m\u00f6rkgr\u00e5 vattenflaska med logo rymmer 0,5 liter och \u00e4r l\u00e4tt att ta med sig p\u00e5 alla typer av event.<\/p>\n","protected":false},"featured_media":655,"comment_status":"open","ping_status":"closed","template":"","meta":[],"product_brand":[],"product_cat":[15],"product_tag":[25],"class_list":{"0":"post-653","1":"product","2":"type-product","3":"status-publish","4":"has-post-thumbnail","6":"product_cat-okategoriserad","7":"product_tag-merch","8":"product_shipping_class-fri-frakt","10":"first","11":"instock","12":"taxable","13":"shipping-taxable","14":"purchasable","15":"product-type-simple"},"yoast_head":"<!-- This site is optimized with the Yoast SEO plugin v27.5 - https:\/\/yoast.com\/product\/yoast-seo-wordpress\/ -->\n<title>Racetou vattenflaska - Racetou<\/title>\n<meta name=\"description\" content=\"Racetou m\u00f6rkgr\u00e5 vattenflaska med logo rymmer 0,5 liter och \u00e4r l\u00e4tt att ta med sig p\u00e5 alla typer av event.\u00a0Snygg \u00e4r den ocks\u00e5.\" \/>\n<meta name=\"robots\" content=\"index, follow, max-snippet:-1, max-image-preview:large, max-video-preview:-1\" \/>\n<link rel=\"canonical\" href=\"https:\/\/racetou.se\/index.php\/produkt\/racetou-vattenflaska\/\" \/>\n<meta property=\"og:locale\" content=\"sv_SE\" \/>\n<meta property=\"og:type\" content=\"article\" \/>\n<meta property=\"og:title\" content=\"Racetou vattenflaska - Racetou\" \/>\n<meta property=\"og:description\" content=\"Racetou m\u00f6rkgr\u00e5 vattenflaska med logo rymmer 0,5 liter och \u00e4r l\u00e4tt att ta med sig p\u00e5 alla typer av event.\u00a0Snygg \u00e4r den ocks\u00e5.\" \/>\n<meta property=\"og:url\" content=\"https:\/\/racetou.se\/index.php\/produkt\/racetou-vattenflaska\/\" \/>\n<meta property=\"og:site_name\" content=\"Racetou\" \/>\n<meta property=\"article:modified_time\" content=\"2026-04-01T14:17:22+00:00\" \/>\n<meta property=\"og:image\" content=\"https:\/\/racetou.se\/wp-content\/uploads\/2026\/01\/plain-10028806-2.jpg\" \/>\n\t<meta property=\"og:image:width\" content=\"1061\" \/>\n\t<meta property=\"og:image:height\" content=\"1000\" \/>\n\t<meta property=\"og:image:type\" content=\"image\/jpeg\" \/>\n<meta name=\"twitter:card\" content=\"summary_large_image\" \/>\n<meta name=\"twitter:label1\" content=\"Ber\u00e4knad l\u00e4stid\" \/>\n\t<meta name=\"twitter:data1\" content=\"1 minut\" \/>\n<script type=\"application\/ld+json\" class=\"yoast-schema-graph\">{\"@context\":\"https:\\\/\\\/schema.org\",\"@graph\":[{\"@type\":\"WebPage\",\"@id\":\"https:\\\/\\\/racetou.se\\\/index.php\\\/produkt\\\/racetou-vattenflaska\\\/\",\"url\":\"https:\\\/\\\/racetou.se\\\/index.php\\\/produkt\\\/racetou-vattenflaska\\\/\",\"name\":\"Racetou vattenflaska - Racetou\",\"isPartOf\":{\"@id\":\"https:\\\/\\\/racetou.se\\\/#website\"},\"primaryImageOfPage\":{\"@id\":\"https:\\\/\\\/racetou.se\\\/index.php\\\/produkt\\\/racetou-vattenflaska\\\/#primaryimage\"},\"image\":{\"@id\":\"https:\\\/\\\/racetou.se\\\/index.php\\\/produkt\\\/racetou-vattenflaska\\\/#primaryimage\"},\"thumbnailUrl\":\"https:\\\/\\\/racetou.se\\\/wp-content\\\/uploads\\\/2026\\\/01\\\/plain-10028806-2.jpg\",\"datePublished\":\"2026-01-30T10:54:19+00:00\",\"dateModified\":\"2026-04-01T14:17:22+00:00\",\"description\":\"Racetou m\u00f6rkgr\u00e5 vattenflaska med logo rymmer 0,5 liter och \u00e4r l\u00e4tt att ta med sig p\u00e5 alla typer av event.\u00a0Snygg \u00e4r den ocks\u00e5.\",\"breadcrumb\":{\"@id\":\"https:\\\/\\\/racetou.se\\\/index.php\\\/produkt\\\/racetou-vattenflaska\\\/#breadcrumb\"},\"inLanguage\":\"sv-SE\",\"potentialAction\":[{\"@type\":\"ReadAction\",\"target\":[\"https:\\\/\\\/racetou.se\\\/index.php\\\/produkt\\\/racetou-vattenflaska\\\/\"]}]},{\"@type\":\"ImageObject\",\"inLanguage\":\"sv-SE\",\"@id\":\"https:\\\/\\\/racetou.se\\\/index.php\\\/produkt\\\/racetou-vattenflaska\\\/#primaryimage\",\"url\":\"https:\\\/\\\/racetou.se\\\/wp-content\\\/uploads\\\/2026\\\/01\\\/plain-10028806-2.jpg\",\"contentUrl\":\"https:\\\/\\\/racetou.se\\\/wp-content\\\/uploads\\\/2026\\\/01\\\/plain-10028806-2.jpg\",\"width\":1061,\"height\":1000,\"caption\":\"Racetou vattenflaska\"},{\"@type\":\"BreadcrumbList\",\"@id\":\"https:\\\/\\\/racetou.se\\\/index.php\\\/produkt\\\/racetou-vattenflaska\\\/#breadcrumb\",\"itemListElement\":[{\"@type\":\"ListItem\",\"position\":1,\"name\":\"Hem\",\"item\":\"https:\\\/\\\/racetou.se\\\/\"},{\"@type\":\"ListItem\",\"position\":2,\"name\":\"Butik\",\"item\":\"https:\\\/\\\/racetou.se\\\/index.php\\\/butik\\\/\"},{\"@type\":\"ListItem\",\"position\":3,\"name\":\"Racetou vattenflaska\"}]},{\"@type\":\"WebSite\",\"@id\":\"https:\\\/\\\/racetou.se\\\/#website\",\"url\":\"https:\\\/\\\/racetou.se\\\/\",\"name\":\"Racetou\",\"description\":\"Milj\u00f6skyddsmatta f\u00f6r motorracing\",\"publisher\":{\"@id\":\"https:\\\/\\\/racetou.se\\\/#organization\"},\"potentialAction\":[{\"@type\":\"SearchAction\",\"target\":{\"@type\":\"EntryPoint\",\"urlTemplate\":\"https:\\\/\\\/racetou.se\\\/?s={search_term_string}\"},\"query-input\":{\"@type\":\"PropertyValueSpecification\",\"valueRequired\":true,\"valueName\":\"search_term_string\"}}],\"inLanguage\":\"sv-SE\"},{\"@type\":\"Organization\",\"@id\":\"https:\\\/\\\/racetou.se\\\/#organization\",\"name\":\"Racetou\",\"url\":\"https:\\\/\\\/racetou.se\\\/\",\"logo\":{\"@type\":\"ImageObject\",\"inLanguage\":\"sv-SE\",\"@id\":\"https:\\\/\\\/racetou.se\\\/#\\\/schema\\\/logo\\\/image\\\/\",\"url\":\"https:\\\/\\\/racetou.se\\\/wp-content\\\/uploads\\\/2025\\\/12\\\/Rityta-1.png\",\"contentUrl\":\"https:\\\/\\\/racetou.se\\\/wp-content\\\/uploads\\\/2025\\\/12\\\/Rityta-1.png\",\"width\":325,\"height\":322,\"caption\":\"Racetou\"},\"image\":{\"@id\":\"https:\\\/\\\/racetou.se\\\/#\\\/schema\\\/logo\\\/image\\\/\"}}]}<\/script>\n<!-- \/ Yoast SEO plugin. -->","yoast_head_json":{"title":"Racetou vattenflaska - Racetou","description":"Racetou m\u00f6rkgr\u00e5 vattenflaska med logo rymmer 0,5 liter och \u00e4r l\u00e4tt att ta med sig p\u00e5 alla typer av event.\u00a0Snygg \u00e4r den ocks\u00e5.","robots":{"index":"index","follow":"follow","max-snippet":"max-snippet:-1","max-image-preview":"max-image-preview:large","max-video-preview":"max-video-preview:-1"},"canonical":"https:\/\/racetou.se\/index.php\/produkt\/racetou-vattenflaska\/","og_locale":"sv_SE","og_type":"article","og_title":"Racetou vattenflaska - Racetou","og_description":"Racetou m\u00f6rkgr\u00e5 vattenflaska med logo rymmer 0,5 liter och \u00e4r l\u00e4tt att ta med sig p\u00e5 alla typer av event.\u00a0Snygg \u00e4r den ocks\u00e5.","og_url":"https:\/\/racetou.se\/index.php\/produkt\/racetou-vattenflaska\/","og_site_name":"Racetou","article_modified_time":"2026-04-01T14:17:22+00:00","og_image":[{"width":1061,"height":1000,"url":"https:\/\/racetou.se\/wp-content\/uploads\/2026\/01\/plain-10028806-2.jpg","type":"image\/jpeg"}],"twitter_card":"summary_large_image","twitter_misc":{"Ber\u00e4knad l\u00e4stid":"1 minut"},"schema":{"@context":"https:\/\/schema.org","@graph":[{"@type":"WebPage","@id":"https:\/\/racetou.se\/index.php\/produkt\/racetou-vattenflaska\/","url":"https:\/\/racetou.se\/index.php\/produkt\/racetou-vattenflaska\/","name":"Racetou vattenflaska - Racetou","isPartOf":{"@id":"https:\/\/racetou.se\/#website"},"primaryImageOfPage":{"@id":"https:\/\/racetou.se\/index.php\/produkt\/racetou-vattenflaska\/#primaryimage"},"image":{"@id":"https:\/\/racetou.se\/index.php\/produkt\/racetou-vattenflaska\/#primaryimage"},"thumbnailUrl":"https:\/\/racetou.se\/wp-content\/uploads\/2026\/01\/plain-10028806-2.jpg","datePublished":"2026-01-30T10:54:19+00:00","dateModified":"2026-04-01T14:17:22+00:00","description":"Racetou m\u00f6rkgr\u00e5 vattenflaska med logo rymmer 0,5 liter och \u00e4r l\u00e4tt att ta med sig p\u00e5 alla typer av event.\u00a0Snygg \u00e4r den ocks\u00e5.","breadcrumb":{"@id":"https:\/\/racetou.se\/index.php\/produkt\/racetou-vattenflaska\/#breadcrumb"},"inLanguage":"sv-SE","potentialAction":[{"@type":"ReadAction","target":["https:\/\/racetou.se\/index.php\/produkt\/racetou-vattenflaska\/"]}]},{"@type":"ImageObject","inLanguage":"sv-SE","@id":"https:\/\/racetou.se\/index.php\/produkt\/racetou-vattenflaska\/#primaryimage","url":"https:\/\/racetou.se\/wp-content\/uploads\/2026\/01\/plain-10028806-2.jpg","contentUrl":"https:\/\/racetou.se\/wp-content\/uploads\/2026\/01\/plain-10028806-2.jpg","width":1061,"height":1000,"caption":"Racetou vattenflaska"},{"@type":"BreadcrumbList","@id":"https:\/\/racetou.se\/index.php\/produkt\/racetou-vattenflaska\/#breadcrumb","itemListElement":[{"@type":"ListItem","position":1,"name":"Hem","item":"https:\/\/racetou.se\/"},{"@type":"ListItem","position":2,"name":"Butik","item":"https:\/\/racetou.se\/index.php\/butik\/"},{"@type":"ListItem","position":3,"name":"Racetou vattenflaska"}]},{"@type":"WebSite","@id":"https:\/\/racetou.se\/#website","url":"https:\/\/racetou.se\/","name":"Racetou","description":"Milj\u00f6skyddsmatta f\u00f6r motorracing","publisher":{"@id":"https:\/\/racetou.se\/#organization"},"potentialAction":[{"@type":"SearchAction","target":{"@type":"EntryPoint","urlTemplate":"https:\/\/racetou.se\/?s={search_term_string}"},"query-input":{"@type":"PropertyValueSpecification","valueRequired":true,"valueName":"search_term_string"}}],"inLanguage":"sv-SE"},{"@type":"Organization","@id":"https:\/\/racetou.se\/#organization","name":"Racetou","url":"https:\/\/racetou.se\/","logo":{"@type":"ImageObject","inLanguage":"sv-SE","@id":"https:\/\/racetou.se\/#\/schema\/logo\/image\/","url":"https:\/\/racetou.se\/wp-content\/uploads\/2025\/12\/Rityta-1.png","contentUrl":"https:\/\/racetou.se\/wp-content\/uploads\/2025\/12\/Rityta-1.png","width":325,"height":322,"caption":"Racetou"},"image":{"@id":"https:\/\/racetou.se\/#\/schema\/logo\/image\/"}}]}},"_links":{"self":[{"href":"https:\/\/racetou.se\/index.php\/wp-json\/wp\/v2\/product\/653","targetHints":{"allow":["GET"]}}],"collection":[{"href":"https:\/\/racetou.se\/index.php\/wp-json\/wp\/v2\/product"}],"about":[{"href":"https:\/\/racetou.se\/index.php\/wp-json\/wp\/v2\/types\/product"}],"replies":[{"embeddable":true,"href":"https:\/\/racetou.se\/index.php\/wp-json\/wp\/v2\/comments?post=653"}],"wp:featuredmedia":[{"embeddable":true,"href":"https:\/\/racetou.se\/index.php\/wp-json\/wp\/v2\/media\/655"}],"wp:attachment":[{"href":"https:\/\/racetou.se\/index.php\/wp-json\/wp\/v2\/media?parent=653"}],"wp:term":[{"taxonomy":"product_brand","embeddable":true,"href":"https:\/\/racetou.se\/index.php\/wp-json\/wp\/v2\/product_brand?post=653"},{"taxonomy":"product_cat","embeddable":true,"href":"https:\/\/racetou.se\/index.php\/wp-json\/wp\/v2\/product_cat?post=653"},{"taxonomy":"product_tag","embeddable":true,"href":"https:\/\/racetou.se\/index.php\/wp-json\/wp\/v2\/product_tag?post=653"}],"curies":[{"name":"wp","href":"https:\/\/api.w.org\/{rel}","templated":true}]}}