{"id":592,"date":"2026-01-30T10:35:48","date_gmt":"2026-01-30T10:35:48","guid":{"rendered":"https:\/\/racetou.se\/?post_type=product&#038;p=592"},"modified":"2026-04-01T15:39:41","modified_gmt":"2026-04-01T15:39:41","slug":"repsats-till-miljoskyddsmatta","status":"publish","type":"product","link":"https:\/\/racetou.se\/index.php\/produkt\/repsats-till-miljoskyddsmatta\/","title":{"rendered":"Lagningslappar till Milj\u00f6skyddsmatta"},"content":{"rendered":"<p>Sj\u00e4lvh\u00e4ftande lagningslappar f\u00f6r Racetou milj\u00f6skyddsmattor. Lagningslapparna s\u00e4ljs styckevis och \u00e4r i PVC som finns i fyra f\u00e4rger: Gr\u00e5, r\u00f6d, bl\u00e5 och svart.<\/p>\n<table style=\"font-weight: 400;\">\n<tbody>\n<tr>\n<td width=\"184\"><strong>Format<\/strong><\/td>\n<td width=\"194\"><strong>Pris inkl moms<\/strong><\/td>\n<\/tr>\n<tr>\n<td width=\"184\">300 x 200 mm<\/td>\n<td width=\"194\"><strong>300<\/strong><\/td>\n<\/tr>\n<tr>\n<td width=\"184\">200 x 200 mm<\/td>\n<td width=\"194\">200<\/td>\n<\/tr>\n<tr>\n<td width=\"184\">300 x 100 mm<\/td>\n<td width=\"194\">150<\/td>\n<\/tr>\n<tr>\n<td width=\"184\">200 x 100 mm<\/td>\n<td width=\"194\">100<\/td>\n<\/tr>\n<tr>\n<td width=\"184\">100 x 100 mm<\/td>\n<td width=\"194\">50<\/td>\n<\/tr>\n<tr>\n<td width=\"184\">200 x 50 mm<\/td>\n<td width=\"194\">50<\/td>\n<\/tr>\n<tr>\n<td width=\"184\">100 x 50 mm<\/td>\n<td width=\"194\">40<\/td>\n<\/tr>\n<\/tbody>\n<\/table>\n","protected":false},"excerpt":{"rendered":"<p>Sj\u00e4lvh\u00e4ftande lagningslappar f\u00f6r Racetou milj\u00f6skyddsmattor. Lagningslapparna s\u00e4ljs styckevis och \u00e4r i PVC som finns i fyra f\u00e4rger: Gr\u00e5, r\u00f6d, bl\u00e5 och svart. Format Pris inkl moms 300 x 200 mm 300 200 x 200 mm 200 300 x 100 mm 150 200 x 100 mm 100 100 x 100 mm 50 200 x 50 mm [&hellip;]<\/p>\n","protected":false},"featured_media":593,"comment_status":"open","ping_status":"closed","template":"","meta":[],"product_brand":[],"product_cat":[15],"product_tag":[24],"class_list":{"0":"post-592","1":"product","2":"type-product","3":"status-publish","4":"has-post-thumbnail","6":"product_cat-okategoriserad","7":"product_tag-miljomatta","8":"product_shipping_class-latta-paket","10":"first","11":"instock","12":"taxable","13":"shipping-taxable","14":"purchasable","15":"product-type-variable"},"yoast_head":"<!-- This site is optimized with the Yoast SEO plugin v27.5 - https:\/\/yoast.com\/product\/yoast-seo-wordpress\/ -->\n<title>Lagningslappar till Milj\u00f6skyddsmatta - Racetou<\/title>\n<meta name=\"description\" content=\"Sj\u00e4lvh\u00e4ftande lagningslappar f\u00f6r Racetou milj\u00f6skyddsmattor. Lagningslapparna \u00e4r i PVC och finns i fyra f\u00e4rger: Gr\u00e5, r\u00f6d, bl\u00e5 och svart.\" \/>\n<meta name=\"robots\" content=\"index, follow, max-snippet:-1, max-image-preview:large, max-video-preview:-1\" \/>\n<link rel=\"canonical\" href=\"https:\/\/racetou.se\/index.php\/produkt\/repsats-till-miljoskyddsmatta\/\" \/>\n<meta property=\"og:locale\" content=\"sv_SE\" \/>\n<meta property=\"og:type\" content=\"article\" \/>\n<meta property=\"og:title\" content=\"Lagningslappar till Milj\u00f6skyddsmatta - Racetou\" \/>\n<meta property=\"og:description\" content=\"Sj\u00e4lvh\u00e4ftande lagningslappar f\u00f6r Racetou milj\u00f6skyddsmattor. Lagningslapparna \u00e4r i PVC och finns i fyra f\u00e4rger: Gr\u00e5, r\u00f6d, bl\u00e5 och svart.\" \/>\n<meta property=\"og:url\" content=\"https:\/\/racetou.se\/index.php\/produkt\/repsats-till-miljoskyddsmatta\/\" \/>\n<meta property=\"og:site_name\" content=\"Racetou\" \/>\n<meta property=\"article:modified_time\" content=\"2026-04-01T15:39:41+00:00\" \/>\n<meta property=\"og:image\" content=\"https:\/\/racetou.se\/wp-content\/uploads\/2026\/01\/laglappar-gra.png\" \/>\n\t<meta property=\"og:image:width\" content=\"1024\" \/>\n\t<meta property=\"og:image:height\" content=\"1024\" \/>\n\t<meta property=\"og:image:type\" content=\"image\/png\" \/>\n<meta name=\"twitter:card\" content=\"summary_large_image\" \/>\n<meta name=\"twitter:label1\" content=\"Ber\u00e4knad l\u00e4stid\" \/>\n\t<meta name=\"twitter:data1\" content=\"1 minut\" \/>\n<script type=\"application\/ld+json\" class=\"yoast-schema-graph\">{\"@context\":\"https:\\\/\\\/schema.org\",\"@graph\":[{\"@type\":\"WebPage\",\"@id\":\"https:\\\/\\\/racetou.se\\\/index.php\\\/produkt\\\/repsats-till-miljoskyddsmatta\\\/\",\"url\":\"https:\\\/\\\/racetou.se\\\/index.php\\\/produkt\\\/repsats-till-miljoskyddsmatta\\\/\",\"name\":\"Lagningslappar till Milj\u00f6skyddsmatta - Racetou\",\"isPartOf\":{\"@id\":\"https:\\\/\\\/racetou.se\\\/#website\"},\"primaryImageOfPage\":{\"@id\":\"https:\\\/\\\/racetou.se\\\/index.php\\\/produkt\\\/repsats-till-miljoskyddsmatta\\\/#primaryimage\"},\"image\":{\"@id\":\"https:\\\/\\\/racetou.se\\\/index.php\\\/produkt\\\/repsats-till-miljoskyddsmatta\\\/#primaryimage\"},\"thumbnailUrl\":\"https:\\\/\\\/racetou.se\\\/wp-content\\\/uploads\\\/2026\\\/01\\\/laglappar-gra.png\",\"datePublished\":\"2026-01-30T10:35:48+00:00\",\"dateModified\":\"2026-04-01T15:39:41+00:00\",\"description\":\"Sj\u00e4lvh\u00e4ftande lagningslappar f\u00f6r Racetou milj\u00f6skyddsmattor. Lagningslapparna \u00e4r i PVC och finns i fyra f\u00e4rger: Gr\u00e5, r\u00f6d, bl\u00e5 och svart.\",\"breadcrumb\":{\"@id\":\"https:\\\/\\\/racetou.se\\\/index.php\\\/produkt\\\/repsats-till-miljoskyddsmatta\\\/#breadcrumb\"},\"inLanguage\":\"sv-SE\",\"potentialAction\":[{\"@type\":\"ReadAction\",\"target\":[\"https:\\\/\\\/racetou.se\\\/index.php\\\/produkt\\\/repsats-till-miljoskyddsmatta\\\/\"]}]},{\"@type\":\"ImageObject\",\"inLanguage\":\"sv-SE\",\"@id\":\"https:\\\/\\\/racetou.se\\\/index.php\\\/produkt\\\/repsats-till-miljoskyddsmatta\\\/#primaryimage\",\"url\":\"https:\\\/\\\/racetou.se\\\/wp-content\\\/uploads\\\/2026\\\/01\\\/laglappar-gra.png\",\"contentUrl\":\"https:\\\/\\\/racetou.se\\\/wp-content\\\/uploads\\\/2026\\\/01\\\/laglappar-gra.png\",\"width\":1024,\"height\":1024,\"caption\":\"Racetou laglappar gr\u00e5\"},{\"@type\":\"BreadcrumbList\",\"@id\":\"https:\\\/\\\/racetou.se\\\/index.php\\\/produkt\\\/repsats-till-miljoskyddsmatta\\\/#breadcrumb\",\"itemListElement\":[{\"@type\":\"ListItem\",\"position\":1,\"name\":\"Hem\",\"item\":\"https:\\\/\\\/racetou.se\\\/\"},{\"@type\":\"ListItem\",\"position\":2,\"name\":\"Butik\",\"item\":\"https:\\\/\\\/racetou.se\\\/index.php\\\/butik\\\/\"},{\"@type\":\"ListItem\",\"position\":3,\"name\":\"Lagningslappar till Milj\u00f6skyddsmatta\"}]},{\"@type\":\"WebSite\",\"@id\":\"https:\\\/\\\/racetou.se\\\/#website\",\"url\":\"https:\\\/\\\/racetou.se\\\/\",\"name\":\"Racetou\",\"description\":\"Milj\u00f6skyddsmatta f\u00f6r motorracing\",\"publisher\":{\"@id\":\"https:\\\/\\\/racetou.se\\\/#organization\"},\"potentialAction\":[{\"@type\":\"SearchAction\",\"target\":{\"@type\":\"EntryPoint\",\"urlTemplate\":\"https:\\\/\\\/racetou.se\\\/?s={search_term_string}\"},\"query-input\":{\"@type\":\"PropertyValueSpecification\",\"valueRequired\":true,\"valueName\":\"search_term_string\"}}],\"inLanguage\":\"sv-SE\"},{\"@type\":\"Organization\",\"@id\":\"https:\\\/\\\/racetou.se\\\/#organization\",\"name\":\"Racetou\",\"url\":\"https:\\\/\\\/racetou.se\\\/\",\"logo\":{\"@type\":\"ImageObject\",\"inLanguage\":\"sv-SE\",\"@id\":\"https:\\\/\\\/racetou.se\\\/#\\\/schema\\\/logo\\\/image\\\/\",\"url\":\"https:\\\/\\\/racetou.se\\\/wp-content\\\/uploads\\\/2025\\\/12\\\/Rityta-1.png\",\"contentUrl\":\"https:\\\/\\\/racetou.se\\\/wp-content\\\/uploads\\\/2025\\\/12\\\/Rityta-1.png\",\"width\":325,\"height\":322,\"caption\":\"Racetou\"},\"image\":{\"@id\":\"https:\\\/\\\/racetou.se\\\/#\\\/schema\\\/logo\\\/image\\\/\"}}]}<\/script>\n<!-- \/ Yoast SEO plugin. -->","yoast_head_json":{"title":"Lagningslappar till Milj\u00f6skyddsmatta - Racetou","description":"Sj\u00e4lvh\u00e4ftande lagningslappar f\u00f6r Racetou milj\u00f6skyddsmattor. Lagningslapparna \u00e4r i PVC och finns i fyra f\u00e4rger: Gr\u00e5, r\u00f6d, bl\u00e5 och svart.","robots":{"index":"index","follow":"follow","max-snippet":"max-snippet:-1","max-image-preview":"max-image-preview:large","max-video-preview":"max-video-preview:-1"},"canonical":"https:\/\/racetou.se\/index.php\/produkt\/repsats-till-miljoskyddsmatta\/","og_locale":"sv_SE","og_type":"article","og_title":"Lagningslappar till Milj\u00f6skyddsmatta - Racetou","og_description":"Sj\u00e4lvh\u00e4ftande lagningslappar f\u00f6r Racetou milj\u00f6skyddsmattor. Lagningslapparna \u00e4r i PVC och finns i fyra f\u00e4rger: Gr\u00e5, r\u00f6d, bl\u00e5 och svart.","og_url":"https:\/\/racetou.se\/index.php\/produkt\/repsats-till-miljoskyddsmatta\/","og_site_name":"Racetou","article_modified_time":"2026-04-01T15:39:41+00:00","og_image":[{"width":1024,"height":1024,"url":"https:\/\/racetou.se\/wp-content\/uploads\/2026\/01\/laglappar-gra.png","type":"image\/png"}],"twitter_card":"summary_large_image","twitter_misc":{"Ber\u00e4knad l\u00e4stid":"1 minut"},"schema":{"@context":"https:\/\/schema.org","@graph":[{"@type":"WebPage","@id":"https:\/\/racetou.se\/index.php\/produkt\/repsats-till-miljoskyddsmatta\/","url":"https:\/\/racetou.se\/index.php\/produkt\/repsats-till-miljoskyddsmatta\/","name":"Lagningslappar till Milj\u00f6skyddsmatta - Racetou","isPartOf":{"@id":"https:\/\/racetou.se\/#website"},"primaryImageOfPage":{"@id":"https:\/\/racetou.se\/index.php\/produkt\/repsats-till-miljoskyddsmatta\/#primaryimage"},"image":{"@id":"https:\/\/racetou.se\/index.php\/produkt\/repsats-till-miljoskyddsmatta\/#primaryimage"},"thumbnailUrl":"https:\/\/racetou.se\/wp-content\/uploads\/2026\/01\/laglappar-gra.png","datePublished":"2026-01-30T10:35:48+00:00","dateModified":"2026-04-01T15:39:41+00:00","description":"Sj\u00e4lvh\u00e4ftande lagningslappar f\u00f6r Racetou milj\u00f6skyddsmattor. Lagningslapparna \u00e4r i PVC och finns i fyra f\u00e4rger: Gr\u00e5, r\u00f6d, bl\u00e5 och svart.","breadcrumb":{"@id":"https:\/\/racetou.se\/index.php\/produkt\/repsats-till-miljoskyddsmatta\/#breadcrumb"},"inLanguage":"sv-SE","potentialAction":[{"@type":"ReadAction","target":["https:\/\/racetou.se\/index.php\/produkt\/repsats-till-miljoskyddsmatta\/"]}]},{"@type":"ImageObject","inLanguage":"sv-SE","@id":"https:\/\/racetou.se\/index.php\/produkt\/repsats-till-miljoskyddsmatta\/#primaryimage","url":"https:\/\/racetou.se\/wp-content\/uploads\/2026\/01\/laglappar-gra.png","contentUrl":"https:\/\/racetou.se\/wp-content\/uploads\/2026\/01\/laglappar-gra.png","width":1024,"height":1024,"caption":"Racetou laglappar gr\u00e5"},{"@type":"BreadcrumbList","@id":"https:\/\/racetou.se\/index.php\/produkt\/repsats-till-miljoskyddsmatta\/#breadcrumb","itemListElement":[{"@type":"ListItem","position":1,"name":"Hem","item":"https:\/\/racetou.se\/"},{"@type":"ListItem","position":2,"name":"Butik","item":"https:\/\/racetou.se\/index.php\/butik\/"},{"@type":"ListItem","position":3,"name":"Lagningslappar till Milj\u00f6skyddsmatta"}]},{"@type":"WebSite","@id":"https:\/\/racetou.se\/#website","url":"https:\/\/racetou.se\/","name":"Racetou","description":"Milj\u00f6skyddsmatta f\u00f6r motorracing","publisher":{"@id":"https:\/\/racetou.se\/#organization"},"potentialAction":[{"@type":"SearchAction","target":{"@type":"EntryPoint","urlTemplate":"https:\/\/racetou.se\/?s={search_term_string}"},"query-input":{"@type":"PropertyValueSpecification","valueRequired":true,"valueName":"search_term_string"}}],"inLanguage":"sv-SE"},{"@type":"Organization","@id":"https:\/\/racetou.se\/#organization","name":"Racetou","url":"https:\/\/racetou.se\/","logo":{"@type":"ImageObject","inLanguage":"sv-SE","@id":"https:\/\/racetou.se\/#\/schema\/logo\/image\/","url":"https:\/\/racetou.se\/wp-content\/uploads\/2025\/12\/Rityta-1.png","contentUrl":"https:\/\/racetou.se\/wp-content\/uploads\/2025\/12\/Rityta-1.png","width":325,"height":322,"caption":"Racetou"},"image":{"@id":"https:\/\/racetou.se\/#\/schema\/logo\/image\/"}}]}},"_links":{"self":[{"href":"https:\/\/racetou.se\/index.php\/wp-json\/wp\/v2\/product\/592","targetHints":{"allow":["GET"]}}],"collection":[{"href":"https:\/\/racetou.se\/index.php\/wp-json\/wp\/v2\/product"}],"about":[{"href":"https:\/\/racetou.se\/index.php\/wp-json\/wp\/v2\/types\/product"}],"replies":[{"embeddable":true,"href":"https:\/\/racetou.se\/index.php\/wp-json\/wp\/v2\/comments?post=592"}],"wp:featuredmedia":[{"embeddable":true,"href":"https:\/\/racetou.se\/index.php\/wp-json\/wp\/v2\/media\/593"}],"wp:attachment":[{"href":"https:\/\/racetou.se\/index.php\/wp-json\/wp\/v2\/media?parent=592"}],"wp:term":[{"taxonomy":"product_brand","embeddable":true,"href":"https:\/\/racetou.se\/index.php\/wp-json\/wp\/v2\/product_brand?post=592"},{"taxonomy":"product_cat","embeddable":true,"href":"https:\/\/racetou.se\/index.php\/wp-json\/wp\/v2\/product_cat?post=592"},{"taxonomy":"product_tag","embeddable":true,"href":"https:\/\/racetou.se\/index.php\/wp-json\/wp\/v2\/product_tag?post=592"}],"curies":[{"name":"wp","href":"https:\/\/api.w.org\/{rel}","templated":true}]}}