{"id":307,"date":"2026-01-16T10:47:15","date_gmt":"2026-01-16T10:47:15","guid":{"rendered":"https:\/\/racetou.se\/?post_type=product&#038;p=307"},"modified":"2026-04-01T14:20:07","modified_gmt":"2026-04-01T14:20:07","slug":"miljoskyddsmatta-motorcykel-standard","status":"publish","type":"product","link":"https:\/\/racetou.se\/index.php\/produkt\/miljoskyddsmatta-motorcykel-standard\/","title":{"rendered":"Milj\u00f6skyddsmatta Motorcykel Standard 2,2&#215;1,2 meter"},"content":{"rendered":"<p>Milj\u00f6skyddsmatta motorcykel standard \u00e4r perfekt anpassad f\u00f6r motorcykel, moped eller skoter. Mattan har en mjuk sarg som f\u00f6rhindrar eventuellt spill att rinna ut p\u00e5 marken, sargen \u00e4r b\u00e5de \u00f6verk\u00f6rbar och urtagbar, bekv\u00e4mt och enkelt.<\/p>\n<p>Milj\u00f6skyddsmattan \u00e4r gjord i PVC och \u00e4r mycket t\u00e5lig, men den \u00e4r ocks\u00e5 reparerbar ifall skada uppst\u00e5r.<br \/>\nMattan \u00e4r 2,2 x 1,2 meter och finns att best\u00e4lla i f\u00e4rgerna gr\u00e5tt, svart, r\u00f6tt och bl\u00e5tt.<\/p>\n","protected":false},"excerpt":{"rendered":"<p>Milj\u00f6skyddsmattan i kraftig PVC skyddar marken under ditt fordon n\u00e4r det \u00e4r uppst\u00e4llt i dep\u00e5 eller p\u00e5 annan plats. Den minimerar risken f\u00f6r saneringsbehov efter oljespill och saneringsbehov.<\/p>\n","protected":false},"featured_media":361,"comment_status":"open","ping_status":"closed","template":"","meta":[],"product_brand":[],"product_cat":[15],"product_tag":[24],"class_list":{"0":"post-307","1":"product","2":"type-product","3":"status-publish","4":"has-post-thumbnail","6":"product_cat-okategoriserad","7":"product_tag-miljomatta","8":"product_shipping_class-miljomatta-mc","10":"first","11":"instock","12":"sale","13":"taxable","14":"shipping-taxable","15":"purchasable","16":"product-type-variable"},"yoast_head":"<!-- This site is optimized with the Yoast SEO plugin v27.5 - https:\/\/yoast.com\/product\/yoast-seo-wordpress\/ -->\n<title>Milj\u00f6skyddsmatta Motorcykel Standard 2,2x1,2 meter - Racetou<\/title>\n<meta name=\"description\" content=\"Milj\u00f6skyddsmatta motorcykel standard \u00e4ranpassad f\u00f6r motorcykel, moped eller skoter och har en mjuk sarg som f\u00f6rhindrar spill att rinna ut p\u00e5 marken\" \/>\n<meta name=\"robots\" content=\"index, follow, max-snippet:-1, max-image-preview:large, max-video-preview:-1\" \/>\n<link rel=\"canonical\" href=\"https:\/\/racetou.se\/index.php\/produkt\/miljoskyddsmatta-motorcykel-standard\/\" \/>\n<meta property=\"og:locale\" content=\"sv_SE\" \/>\n<meta property=\"og:type\" content=\"article\" \/>\n<meta property=\"og:title\" content=\"Milj\u00f6skyddsmatta Motorcykel Standard 2,2x1,2 meter - Racetou\" \/>\n<meta property=\"og:description\" content=\"Milj\u00f6skyddsmatta motorcykel standard \u00e4ranpassad f\u00f6r motorcykel, moped eller skoter och har en mjuk sarg som f\u00f6rhindrar spill att rinna ut p\u00e5 marken\" \/>\n<meta property=\"og:url\" content=\"https:\/\/racetou.se\/index.php\/produkt\/miljoskyddsmatta-motorcykel-standard\/\" \/>\n<meta property=\"og:site_name\" content=\"Racetou\" \/>\n<meta property=\"article:modified_time\" content=\"2026-04-01T14:20:07+00:00\" \/>\n<meta property=\"og:image\" content=\"https:\/\/racetou.se\/wp-content\/uploads\/2026\/01\/Alla-fargerna_1.png\" \/>\n\t<meta property=\"og:image:width\" content=\"1024\" \/>\n\t<meta property=\"og:image:height\" content=\"1536\" \/>\n\t<meta property=\"og:image:type\" content=\"image\/png\" \/>\n<meta name=\"twitter:card\" content=\"summary_large_image\" \/>\n<meta name=\"twitter:label1\" content=\"Ber\u00e4knad l\u00e4stid\" \/>\n\t<meta name=\"twitter:data1\" content=\"1 minut\" \/>\n<script type=\"application\/ld+json\" class=\"yoast-schema-graph\">{\"@context\":\"https:\\\/\\\/schema.org\",\"@graph\":[{\"@type\":\"WebPage\",\"@id\":\"https:\\\/\\\/racetou.se\\\/index.php\\\/produkt\\\/miljoskyddsmatta-motorcykel-standard\\\/\",\"url\":\"https:\\\/\\\/racetou.se\\\/index.php\\\/produkt\\\/miljoskyddsmatta-motorcykel-standard\\\/\",\"name\":\"Milj\u00f6skyddsmatta Motorcykel Standard 2,2x1,2 meter - Racetou\",\"isPartOf\":{\"@id\":\"https:\\\/\\\/racetou.se\\\/#website\"},\"primaryImageOfPage\":{\"@id\":\"https:\\\/\\\/racetou.se\\\/index.php\\\/produkt\\\/miljoskyddsmatta-motorcykel-standard\\\/#primaryimage\"},\"image\":{\"@id\":\"https:\\\/\\\/racetou.se\\\/index.php\\\/produkt\\\/miljoskyddsmatta-motorcykel-standard\\\/#primaryimage\"},\"thumbnailUrl\":\"https:\\\/\\\/racetou.se\\\/wp-content\\\/uploads\\\/2026\\\/01\\\/Alla-fargerna_1.png\",\"datePublished\":\"2026-01-16T10:47:15+00:00\",\"dateModified\":\"2026-04-01T14:20:07+00:00\",\"description\":\"Milj\u00f6skyddsmatta motorcykel standard \u00e4ranpassad f\u00f6r motorcykel, moped eller skoter och har en mjuk sarg som f\u00f6rhindrar spill att rinna ut p\u00e5 marken\",\"breadcrumb\":{\"@id\":\"https:\\\/\\\/racetou.se\\\/index.php\\\/produkt\\\/miljoskyddsmatta-motorcykel-standard\\\/#breadcrumb\"},\"inLanguage\":\"sv-SE\",\"potentialAction\":[{\"@type\":\"ReadAction\",\"target\":[\"https:\\\/\\\/racetou.se\\\/index.php\\\/produkt\\\/miljoskyddsmatta-motorcykel-standard\\\/\"]}]},{\"@type\":\"ImageObject\",\"inLanguage\":\"sv-SE\",\"@id\":\"https:\\\/\\\/racetou.se\\\/index.php\\\/produkt\\\/miljoskyddsmatta-motorcykel-standard\\\/#primaryimage\",\"url\":\"https:\\\/\\\/racetou.se\\\/wp-content\\\/uploads\\\/2026\\\/01\\\/Alla-fargerna_1.png\",\"contentUrl\":\"https:\\\/\\\/racetou.se\\\/wp-content\\\/uploads\\\/2026\\\/01\\\/Alla-fargerna_1.png\",\"width\":1024,\"height\":1536,\"caption\":\"Racetou milj\u00f6skyddsmattor i flera f\u00e4rger\"},{\"@type\":\"BreadcrumbList\",\"@id\":\"https:\\\/\\\/racetou.se\\\/index.php\\\/produkt\\\/miljoskyddsmatta-motorcykel-standard\\\/#breadcrumb\",\"itemListElement\":[{\"@type\":\"ListItem\",\"position\":1,\"name\":\"Hem\",\"item\":\"https:\\\/\\\/racetou.se\\\/\"},{\"@type\":\"ListItem\",\"position\":2,\"name\":\"Butik\",\"item\":\"https:\\\/\\\/racetou.se\\\/index.php\\\/butik\\\/\"},{\"@type\":\"ListItem\",\"position\":3,\"name\":\"Milj\u00f6skyddsmatta Motorcykel Standard 2,2&#215;1,2 meter\"}]},{\"@type\":\"WebSite\",\"@id\":\"https:\\\/\\\/racetou.se\\\/#website\",\"url\":\"https:\\\/\\\/racetou.se\\\/\",\"name\":\"Racetou\",\"description\":\"Milj\u00f6skyddsmatta f\u00f6r motorracing\",\"publisher\":{\"@id\":\"https:\\\/\\\/racetou.se\\\/#organization\"},\"potentialAction\":[{\"@type\":\"SearchAction\",\"target\":{\"@type\":\"EntryPoint\",\"urlTemplate\":\"https:\\\/\\\/racetou.se\\\/?s={search_term_string}\"},\"query-input\":{\"@type\":\"PropertyValueSpecification\",\"valueRequired\":true,\"valueName\":\"search_term_string\"}}],\"inLanguage\":\"sv-SE\"},{\"@type\":\"Organization\",\"@id\":\"https:\\\/\\\/racetou.se\\\/#organization\",\"name\":\"Racetou\",\"url\":\"https:\\\/\\\/racetou.se\\\/\",\"logo\":{\"@type\":\"ImageObject\",\"inLanguage\":\"sv-SE\",\"@id\":\"https:\\\/\\\/racetou.se\\\/#\\\/schema\\\/logo\\\/image\\\/\",\"url\":\"https:\\\/\\\/racetou.se\\\/wp-content\\\/uploads\\\/2025\\\/12\\\/Rityta-1.png\",\"contentUrl\":\"https:\\\/\\\/racetou.se\\\/wp-content\\\/uploads\\\/2025\\\/12\\\/Rityta-1.png\",\"width\":325,\"height\":322,\"caption\":\"Racetou\"},\"image\":{\"@id\":\"https:\\\/\\\/racetou.se\\\/#\\\/schema\\\/logo\\\/image\\\/\"}}]}<\/script>\n<!-- \/ Yoast SEO plugin. -->","yoast_head_json":{"title":"Milj\u00f6skyddsmatta Motorcykel Standard 2,2x1,2 meter - Racetou","description":"Milj\u00f6skyddsmatta motorcykel standard \u00e4ranpassad f\u00f6r motorcykel, moped eller skoter och har en mjuk sarg som f\u00f6rhindrar spill att rinna ut p\u00e5 marken","robots":{"index":"index","follow":"follow","max-snippet":"max-snippet:-1","max-image-preview":"max-image-preview:large","max-video-preview":"max-video-preview:-1"},"canonical":"https:\/\/racetou.se\/index.php\/produkt\/miljoskyddsmatta-motorcykel-standard\/","og_locale":"sv_SE","og_type":"article","og_title":"Milj\u00f6skyddsmatta Motorcykel Standard 2,2x1,2 meter - Racetou","og_description":"Milj\u00f6skyddsmatta motorcykel standard \u00e4ranpassad f\u00f6r motorcykel, moped eller skoter och har en mjuk sarg som f\u00f6rhindrar spill att rinna ut p\u00e5 marken","og_url":"https:\/\/racetou.se\/index.php\/produkt\/miljoskyddsmatta-motorcykel-standard\/","og_site_name":"Racetou","article_modified_time":"2026-04-01T14:20:07+00:00","og_image":[{"width":1024,"height":1536,"url":"https:\/\/racetou.se\/wp-content\/uploads\/2026\/01\/Alla-fargerna_1.png","type":"image\/png"}],"twitter_card":"summary_large_image","twitter_misc":{"Ber\u00e4knad l\u00e4stid":"1 minut"},"schema":{"@context":"https:\/\/schema.org","@graph":[{"@type":"WebPage","@id":"https:\/\/racetou.se\/index.php\/produkt\/miljoskyddsmatta-motorcykel-standard\/","url":"https:\/\/racetou.se\/index.php\/produkt\/miljoskyddsmatta-motorcykel-standard\/","name":"Milj\u00f6skyddsmatta Motorcykel Standard 2,2x1,2 meter - Racetou","isPartOf":{"@id":"https:\/\/racetou.se\/#website"},"primaryImageOfPage":{"@id":"https:\/\/racetou.se\/index.php\/produkt\/miljoskyddsmatta-motorcykel-standard\/#primaryimage"},"image":{"@id":"https:\/\/racetou.se\/index.php\/produkt\/miljoskyddsmatta-motorcykel-standard\/#primaryimage"},"thumbnailUrl":"https:\/\/racetou.se\/wp-content\/uploads\/2026\/01\/Alla-fargerna_1.png","datePublished":"2026-01-16T10:47:15+00:00","dateModified":"2026-04-01T14:20:07+00:00","description":"Milj\u00f6skyddsmatta motorcykel standard \u00e4ranpassad f\u00f6r motorcykel, moped eller skoter och har en mjuk sarg som f\u00f6rhindrar spill att rinna ut p\u00e5 marken","breadcrumb":{"@id":"https:\/\/racetou.se\/index.php\/produkt\/miljoskyddsmatta-motorcykel-standard\/#breadcrumb"},"inLanguage":"sv-SE","potentialAction":[{"@type":"ReadAction","target":["https:\/\/racetou.se\/index.php\/produkt\/miljoskyddsmatta-motorcykel-standard\/"]}]},{"@type":"ImageObject","inLanguage":"sv-SE","@id":"https:\/\/racetou.se\/index.php\/produkt\/miljoskyddsmatta-motorcykel-standard\/#primaryimage","url":"https:\/\/racetou.se\/wp-content\/uploads\/2026\/01\/Alla-fargerna_1.png","contentUrl":"https:\/\/racetou.se\/wp-content\/uploads\/2026\/01\/Alla-fargerna_1.png","width":1024,"height":1536,"caption":"Racetou milj\u00f6skyddsmattor i flera f\u00e4rger"},{"@type":"BreadcrumbList","@id":"https:\/\/racetou.se\/index.php\/produkt\/miljoskyddsmatta-motorcykel-standard\/#breadcrumb","itemListElement":[{"@type":"ListItem","position":1,"name":"Hem","item":"https:\/\/racetou.se\/"},{"@type":"ListItem","position":2,"name":"Butik","item":"https:\/\/racetou.se\/index.php\/butik\/"},{"@type":"ListItem","position":3,"name":"Milj\u00f6skyddsmatta Motorcykel Standard 2,2&#215;1,2 meter"}]},{"@type":"WebSite","@id":"https:\/\/racetou.se\/#website","url":"https:\/\/racetou.se\/","name":"Racetou","description":"Milj\u00f6skyddsmatta f\u00f6r motorracing","publisher":{"@id":"https:\/\/racetou.se\/#organization"},"potentialAction":[{"@type":"SearchAction","target":{"@type":"EntryPoint","urlTemplate":"https:\/\/racetou.se\/?s={search_term_string}"},"query-input":{"@type":"PropertyValueSpecification","valueRequired":true,"valueName":"search_term_string"}}],"inLanguage":"sv-SE"},{"@type":"Organization","@id":"https:\/\/racetou.se\/#organization","name":"Racetou","url":"https:\/\/racetou.se\/","logo":{"@type":"ImageObject","inLanguage":"sv-SE","@id":"https:\/\/racetou.se\/#\/schema\/logo\/image\/","url":"https:\/\/racetou.se\/wp-content\/uploads\/2025\/12\/Rityta-1.png","contentUrl":"https:\/\/racetou.se\/wp-content\/uploads\/2025\/12\/Rityta-1.png","width":325,"height":322,"caption":"Racetou"},"image":{"@id":"https:\/\/racetou.se\/#\/schema\/logo\/image\/"}}]}},"_links":{"self":[{"href":"https:\/\/racetou.se\/index.php\/wp-json\/wp\/v2\/product\/307","targetHints":{"allow":["GET"]}}],"collection":[{"href":"https:\/\/racetou.se\/index.php\/wp-json\/wp\/v2\/product"}],"about":[{"href":"https:\/\/racetou.se\/index.php\/wp-json\/wp\/v2\/types\/product"}],"replies":[{"embeddable":true,"href":"https:\/\/racetou.se\/index.php\/wp-json\/wp\/v2\/comments?post=307"}],"wp:featuredmedia":[{"embeddable":true,"href":"https:\/\/racetou.se\/index.php\/wp-json\/wp\/v2\/media\/361"}],"wp:attachment":[{"href":"https:\/\/racetou.se\/index.php\/wp-json\/wp\/v2\/media?parent=307"}],"wp:term":[{"taxonomy":"product_brand","embeddable":true,"href":"https:\/\/racetou.se\/index.php\/wp-json\/wp\/v2\/product_brand?post=307"},{"taxonomy":"product_cat","embeddable":true,"href":"https:\/\/racetou.se\/index.php\/wp-json\/wp\/v2\/product_cat?post=307"},{"taxonomy":"product_tag","embeddable":true,"href":"https:\/\/racetou.se\/index.php\/wp-json\/wp\/v2\/product_tag?post=307"}],"curies":[{"name":"wp","href":"https:\/\/api.w.org\/{rel}","templated":true}]}}