{"id":755,"date":"2026-02-05T12:53:35","date_gmt":"2026-02-05T12:53:35","guid":{"rendered":"https:\/\/racetou.se\/?page_id=755"},"modified":"2026-02-05T12:56:22","modified_gmt":"2026-02-05T12:56:22","slug":"cookie-policy","status":"publish","type":"page","link":"https:\/\/racetou.se\/index.php\/cookie-policy\/","title":{"rendered":"Cookie Policy"},"content":{"rendered":"\t\t<div data-elementor-type=\"wp-page\" data-elementor-id=\"755\" class=\"elementor elementor-755\" data-elementor-post-type=\"page\">\n\t\t\t\t<div class=\"elementor-element elementor-element-c4cbc3b e-flex e-con-boxed e-con e-parent\" data-id=\"c4cbc3b\" data-element_type=\"container\" data-e-type=\"container\">\n\t\t\t\t\t<div class=\"e-con-inner\">\n\t\t\t\t<div class=\"elementor-element elementor-element-fff44f9 elementor-widget elementor-widget-text-editor\" data-id=\"fff44f9\" data-element_type=\"widget\" data-e-type=\"widget\" data-widget_type=\"text-editor.default\">\n\t\t\t\t\t\t\t\t\t<h2>Vad \u00e4r cookies?<\/h2><p>En cookie \u00e4r en liten bit data (textfil) som en webbplats ber din webbl\u00e4sare att lagra p\u00e5 din enhet f\u00f6r att komma ih\u00e5g information om dig, till exempel din spr\u00e5kinst\u00e4llning eller inloggningsinformation. Dessa cookies st\u00e4lls in av oss och kallas f\u00f6rstapartscookies. Vi anv\u00e4nder \u00e4ven tredjepartscookies \u2013 som \u00e4r cookies fr\u00e5n en annan dom\u00e4n \u00e4n dom\u00e4nen f\u00f6r den webbplats du bes\u00f6ker \u2013 f\u00f6r att hj\u00e4lpa v\u00e5r annonsering, marknadsf\u00f6ring och sp\u00e5rning. Hur l\u00e4nge en cookie sparas beror p\u00e5 inst\u00e4llningarna i din webbl\u00e4sare. Det finns tv\u00e5 typer av cookies, vanliga cookies och session cookies. Session cookies f\u00f6rsvinner n\u00e4r du st\u00e4nger din webbl\u00e4sare och sparas d\u00e4rf\u00f6r inte, medan vanliga cookies lagras p\u00e5 din dator under en l\u00e4ngre tid. Vissa cookies \u00e4r valfria och vissa cookies \u00e4r n\u00f6dv\u00e4ndiga f\u00f6r att webbplatsen ska fungera.<\/p><h2>S\u00e5 kan du undvika cookies<\/h2><p>Inst\u00e4llningar i din webbl\u00e4sare<br \/>Genom att anv\u00e4nda webbl\u00e4sarinst\u00e4llningarna kan du blockera cookies. Det kan dock p\u00e5verka webbplatsernas beteende. H\u00e4r \u00e4r l\u00e4nkar till information om hur du g\u00f6r detta i n\u00e5gra av de vanligaste webbl\u00e4sarna:<br \/>Microsoft Edge<br \/>Google Chrome<br \/>Mozilla Firefox<br \/>Safari<\/p><h2>Vad anv\u00e4nds cookies till?<\/h2><p>Den h\u00e4r webbplatsen inneh\u00e5ller cookies f\u00f6r att ge dig tillg\u00e5ng till alla funktioner p\u00e5 webbplatsen, anpassa din anv\u00e4ndarupplevelse och g\u00f6ra analyser av hur v\u00e4l webbplatsen fungerar. Till exempel genom att m\u00e4ta antalet bes\u00f6kare p\u00e5 webbplatsen. Cookies delas ofta in i fyra kategorier:<\/p><p><strong>N\u00f6dv\u00e4ndiga cookies<\/strong><br \/>Dessa cookies \u00e4r n\u00f6dv\u00e4ndiga f\u00f6r att anv\u00e4ndaren ska kunna surfa p\u00e5 webbplatsen och f\u00f6r att kunna anv\u00e4nda dess funktioner, s\u00e5som att spara varor i kassan. Du kan st\u00e4lla in din webbl\u00e4sare s\u00e5 att den blockerar eller varnar dig f\u00f6r den h\u00e4r typen av cookies, men det kan leda till att delar av webbplatsen inte fungerar som det \u00e4r t\u00e4nkt.<\/p><p><strong>Funktionella cookies<\/strong><br \/>Cookies som g\u00f6r det m\u00f6jligt f\u00f6r webbplatsen att tillhandah\u00e5lla f\u00f6rb\u00e4ttrad funktionalitet och personalisering \u00e4r funktionella cookies. Dessa cookies kommer att till\u00e5ta en webbplats att till exempel komma ih\u00e5g val som anv\u00e4ndaren har gjort tidigare.<\/p><p><strong>Analytiska cookies<\/strong><br \/>Denna typ av cookies ger oss m\u00f6jlighet att r\u00e4kna bes\u00f6k och trafikk\u00e4llor, till exempel genom Google analytics, s\u00e5 att vi kan m\u00e4ta och f\u00f6rb\u00e4ttra webbplatsens prestanda. De informerar oss om vilka sidor som \u00e4r mest och minst popul\u00e4ra och vi kan se hur bes\u00f6kare f\u00f6rflyttar sig p\u00e5 webbplatsen. De hj\u00e4lper oss ocks\u00e5 att f\u00f6rst\u00e5 var v\u00e5ra anv\u00e4ndare kommer fr\u00e5n och utifr\u00e5n den informationen anpassa inneh\u00e5llet. Om denna typ av cookies nekas kommer vi inte att lagra n\u00e5gra anv\u00e4ndarspecifika uppgifter relaterade till webbplatsens prestanda.<\/p><p><strong>Marknadsf\u00f6ringscookies<\/strong><br \/>Dessa cookies sp\u00e5rar bes\u00f6kares onlineaktivitet f\u00f6r att hj\u00e4lpa annons\u00f6rer att leverera mer relevant reklam eller f\u00f6r att begr\u00e4nsa hur m\u00e5nga g\u00e5nger de ser en annons. Till exempel via Google ads, Meta pixel och youtube. Om du inte till\u00e5ter denna typ av cookies kommer du att se mindre m\u00e5linriktat inneh\u00e5ll och v\u00e5r webbplats kommer inte att kunna visa den mest relevanta informationen f\u00f6r just dig.<\/p>\t\t\t\t\t\t\t\t<\/div>\n\t\t\t\t\t<\/div>\n\t\t\t\t<\/div>\n\t\t\t\t<\/div>\n\t\t","protected":false},"excerpt":{"rendered":"<p>Vad \u00e4r cookies? En cookie \u00e4r en liten bit data (textfil) som en webbplats ber din webbl\u00e4sare att lagra p\u00e5 din enhet f\u00f6r att komma ih\u00e5g information om dig, till exempel din spr\u00e5kinst\u00e4llning eller inloggningsinformation. Dessa cookies st\u00e4lls in av oss och kallas f\u00f6rstapartscookies. Vi anv\u00e4nder \u00e4ven tredjepartscookies \u2013 som \u00e4r cookies fr\u00e5n en annan [&hellip;]<\/p>\n","protected":false},"author":2,"featured_media":0,"parent":0,"menu_order":0,"comment_status":"closed","ping_status":"closed","template":"","meta":{"footnotes":""},"class_list":["post-755","page","type-page","status-publish","hentry"],"yoast_head":"<!-- This site is optimized with the Yoast SEO plugin v27.5 - https:\/\/yoast.com\/product\/yoast-seo-wordpress\/ -->\n<title>Cookie Policy - Racetou<\/title>\n<meta name=\"robots\" content=\"index, follow, max-snippet:-1, max-image-preview:large, max-video-preview:-1\" \/>\n<link rel=\"canonical\" href=\"https:\/\/racetou.se\/index.php\/cookie-policy\/\" \/>\n<meta property=\"og:locale\" content=\"sv_SE\" \/>\n<meta property=\"og:type\" content=\"article\" \/>\n<meta property=\"og:title\" content=\"Cookie Policy - Racetou\" \/>\n<meta property=\"og:description\" content=\"Vad \u00e4r cookies? En cookie \u00e4r en liten bit data (textfil) som en webbplats ber din webbl\u00e4sare att lagra p\u00e5 din enhet f\u00f6r att komma ih\u00e5g information om dig, till exempel din spr\u00e5kinst\u00e4llning eller inloggningsinformation. Dessa cookies st\u00e4lls in av oss och kallas f\u00f6rstapartscookies. Vi anv\u00e4nder \u00e4ven tredjepartscookies \u2013 som \u00e4r cookies fr\u00e5n en annan [&hellip;]\" \/>\n<meta property=\"og:url\" content=\"https:\/\/racetou.se\/index.php\/cookie-policy\/\" \/>\n<meta property=\"og:site_name\" content=\"Racetou\" \/>\n<meta property=\"article:modified_time\" content=\"2026-02-05T12:56:22+00:00\" \/>\n<meta property=\"og:image\" content=\"https:\/\/racetou.se\/wp-content\/uploads\/2026\/01\/utstallningsbild.jpg\" \/>\n\t<meta property=\"og:image:width\" content=\"1920\" \/>\n\t<meta property=\"og:image:height\" content=\"1080\" \/>\n\t<meta property=\"og:image:type\" content=\"image\/jpeg\" \/>\n<meta name=\"twitter:card\" content=\"summary_large_image\" \/>\n<meta name=\"twitter:label1\" content=\"Ber\u00e4knad l\u00e4stid\" \/>\n\t<meta name=\"twitter:data1\" content=\"3 minuter\" \/>\n<script type=\"application\/ld+json\" class=\"yoast-schema-graph\">{\"@context\":\"https:\\\/\\\/schema.org\",\"@graph\":[{\"@type\":\"WebPage\",\"@id\":\"https:\\\/\\\/racetou.se\\\/index.php\\\/cookie-policy\\\/\",\"url\":\"https:\\\/\\\/racetou.se\\\/index.php\\\/cookie-policy\\\/\",\"name\":\"Cookie Policy - Racetou\",\"isPartOf\":{\"@id\":\"https:\\\/\\\/racetou.se\\\/#website\"},\"datePublished\":\"2026-02-05T12:53:35+00:00\",\"dateModified\":\"2026-02-05T12:56:22+00:00\",\"breadcrumb\":{\"@id\":\"https:\\\/\\\/racetou.se\\\/index.php\\\/cookie-policy\\\/#breadcrumb\"},\"inLanguage\":\"sv-SE\",\"potentialAction\":[{\"@type\":\"ReadAction\",\"target\":[\"https:\\\/\\\/racetou.se\\\/index.php\\\/cookie-policy\\\/\"]}]},{\"@type\":\"BreadcrumbList\",\"@id\":\"https:\\\/\\\/racetou.se\\\/index.php\\\/cookie-policy\\\/#breadcrumb\",\"itemListElement\":[{\"@type\":\"ListItem\",\"position\":1,\"name\":\"Hem\",\"item\":\"https:\\\/\\\/racetou.se\\\/\"},{\"@type\":\"ListItem\",\"position\":2,\"name\":\"Cookie Policy\"}]},{\"@type\":\"WebSite\",\"@id\":\"https:\\\/\\\/racetou.se\\\/#website\",\"url\":\"https:\\\/\\\/racetou.se\\\/\",\"name\":\"Racetou\",\"description\":\"Milj\u00f6skyddsmatta f\u00f6r motorracing\",\"publisher\":{\"@id\":\"https:\\\/\\\/racetou.se\\\/#organization\"},\"potentialAction\":[{\"@type\":\"SearchAction\",\"target\":{\"@type\":\"EntryPoint\",\"urlTemplate\":\"https:\\\/\\\/racetou.se\\\/?s={search_term_string}\"},\"query-input\":{\"@type\":\"PropertyValueSpecification\",\"valueRequired\":true,\"valueName\":\"search_term_string\"}}],\"inLanguage\":\"sv-SE\"},{\"@type\":\"Organization\",\"@id\":\"https:\\\/\\\/racetou.se\\\/#organization\",\"name\":\"Racetou\",\"url\":\"https:\\\/\\\/racetou.se\\\/\",\"logo\":{\"@type\":\"ImageObject\",\"inLanguage\":\"sv-SE\",\"@id\":\"https:\\\/\\\/racetou.se\\\/#\\\/schema\\\/logo\\\/image\\\/\",\"url\":\"https:\\\/\\\/racetou.se\\\/wp-content\\\/uploads\\\/2025\\\/12\\\/Rityta-1.png\",\"contentUrl\":\"https:\\\/\\\/racetou.se\\\/wp-content\\\/uploads\\\/2025\\\/12\\\/Rityta-1.png\",\"width\":325,\"height\":322,\"caption\":\"Racetou\"},\"image\":{\"@id\":\"https:\\\/\\\/racetou.se\\\/#\\\/schema\\\/logo\\\/image\\\/\"}}]}<\/script>\n<!-- \/ Yoast SEO plugin. -->","yoast_head_json":{"title":"Cookie Policy - Racetou","robots":{"index":"index","follow":"follow","max-snippet":"max-snippet:-1","max-image-preview":"max-image-preview:large","max-video-preview":"max-video-preview:-1"},"canonical":"https:\/\/racetou.se\/index.php\/cookie-policy\/","og_locale":"sv_SE","og_type":"article","og_title":"Cookie Policy - Racetou","og_description":"Vad \u00e4r cookies? En cookie \u00e4r en liten bit data (textfil) som en webbplats ber din webbl\u00e4sare att lagra p\u00e5 din enhet f\u00f6r att komma ih\u00e5g information om dig, till exempel din spr\u00e5kinst\u00e4llning eller inloggningsinformation. Dessa cookies st\u00e4lls in av oss och kallas f\u00f6rstapartscookies. Vi anv\u00e4nder \u00e4ven tredjepartscookies \u2013 som \u00e4r cookies fr\u00e5n en annan [&hellip;]","og_url":"https:\/\/racetou.se\/index.php\/cookie-policy\/","og_site_name":"Racetou","article_modified_time":"2026-02-05T12:56:22+00:00","og_image":[{"width":1920,"height":1080,"url":"https:\/\/racetou.se\/wp-content\/uploads\/2026\/01\/utstallningsbild.jpg","type":"image\/jpeg"}],"twitter_card":"summary_large_image","twitter_misc":{"Ber\u00e4knad l\u00e4stid":"3 minuter"},"schema":{"@context":"https:\/\/schema.org","@graph":[{"@type":"WebPage","@id":"https:\/\/racetou.se\/index.php\/cookie-policy\/","url":"https:\/\/racetou.se\/index.php\/cookie-policy\/","name":"Cookie Policy - Racetou","isPartOf":{"@id":"https:\/\/racetou.se\/#website"},"datePublished":"2026-02-05T12:53:35+00:00","dateModified":"2026-02-05T12:56:22+00:00","breadcrumb":{"@id":"https:\/\/racetou.se\/index.php\/cookie-policy\/#breadcrumb"},"inLanguage":"sv-SE","potentialAction":[{"@type":"ReadAction","target":["https:\/\/racetou.se\/index.php\/cookie-policy\/"]}]},{"@type":"BreadcrumbList","@id":"https:\/\/racetou.se\/index.php\/cookie-policy\/#breadcrumb","itemListElement":[{"@type":"ListItem","position":1,"name":"Hem","item":"https:\/\/racetou.se\/"},{"@type":"ListItem","position":2,"name":"Cookie Policy"}]},{"@type":"WebSite","@id":"https:\/\/racetou.se\/#website","url":"https:\/\/racetou.se\/","name":"Racetou","description":"Milj\u00f6skyddsmatta f\u00f6r motorracing","publisher":{"@id":"https:\/\/racetou.se\/#organization"},"potentialAction":[{"@type":"SearchAction","target":{"@type":"EntryPoint","urlTemplate":"https:\/\/racetou.se\/?s={search_term_string}"},"query-input":{"@type":"PropertyValueSpecification","valueRequired":true,"valueName":"search_term_string"}}],"inLanguage":"sv-SE"},{"@type":"Organization","@id":"https:\/\/racetou.se\/#organization","name":"Racetou","url":"https:\/\/racetou.se\/","logo":{"@type":"ImageObject","inLanguage":"sv-SE","@id":"https:\/\/racetou.se\/#\/schema\/logo\/image\/","url":"https:\/\/racetou.se\/wp-content\/uploads\/2025\/12\/Rityta-1.png","contentUrl":"https:\/\/racetou.se\/wp-content\/uploads\/2025\/12\/Rityta-1.png","width":325,"height":322,"caption":"Racetou"},"image":{"@id":"https:\/\/racetou.se\/#\/schema\/logo\/image\/"}}]}},"_links":{"self":[{"href":"https:\/\/racetou.se\/index.php\/wp-json\/wp\/v2\/pages\/755","targetHints":{"allow":["GET"]}}],"collection":[{"href":"https:\/\/racetou.se\/index.php\/wp-json\/wp\/v2\/pages"}],"about":[{"href":"https:\/\/racetou.se\/index.php\/wp-json\/wp\/v2\/types\/page"}],"author":[{"embeddable":true,"href":"https:\/\/racetou.se\/index.php\/wp-json\/wp\/v2\/users\/2"}],"replies":[{"embeddable":true,"href":"https:\/\/racetou.se\/index.php\/wp-json\/wp\/v2\/comments?post=755"}],"version-history":[{"count":4,"href":"https:\/\/racetou.se\/index.php\/wp-json\/wp\/v2\/pages\/755\/revisions"}],"predecessor-version":[{"id":759,"href":"https:\/\/racetou.se\/index.php\/wp-json\/wp\/v2\/pages\/755\/revisions\/759"}],"wp:attachment":[{"href":"https:\/\/racetou.se\/index.php\/wp-json\/wp\/v2\/media?parent=755"}],"curies":[{"name":"wp","href":"https:\/\/api.w.org\/{rel}","templated":true}]}}