{"id":446,"date":"2026-01-20T16:01:35","date_gmt":"2026-01-20T16:01:35","guid":{"rendered":"https:\/\/racetou.se\/?page_id=446"},"modified":"2026-02-13T09:28:16","modified_gmt":"2026-02-13T09:28:16","slug":"specialmattor","status":"publish","type":"page","link":"https:\/\/racetou.se\/index.php\/specialmattor\/","title":{"rendered":"Specialmattor"},"content":{"rendered":"\t\t<div data-elementor-type=\"wp-page\" data-elementor-id=\"446\" class=\"elementor elementor-446\" data-elementor-post-type=\"page\">\n\t\t\t\t<div class=\"elementor-element elementor-element-df3c857 e-flex e-con-boxed e-con e-parent\" data-id=\"df3c857\" data-element_type=\"container\" data-e-type=\"container\">\n\t\t\t\t\t<div class=\"e-con-inner\">\n\t\t\t\t<div class=\"elementor-element elementor-element-0adb1d7 elementor-widget elementor-widget-heading\" data-id=\"0adb1d7\" data-element_type=\"widget\" data-e-type=\"widget\" data-widget_type=\"heading.default\">\n\t\t\t\t\t<h2 class=\"elementor-heading-title elementor-size-default\">Specialmattor f\u00f6r andra behov \u2013 Custom<\/h2>\t\t\t\t<\/div>\n\t\t\t\t<div class=\"elementor-element elementor-element-ea2428e elementor-widget elementor-widget-text-editor\" data-id=\"ea2428e\" data-element_type=\"widget\" data-e-type=\"widget\" data-widget_type=\"text-editor.default\">\n\t\t\t\t\t\t\t\t\t<p style=\"font-weight: 400;\">Racetou Milj\u00f6skyddsmatta \u00e4r enkel att anv\u00e4nda och har en stor m\u00e4ngd till\u00e4mpningar d\u00e4r det \u00e4r viktigt att inte l\u00e5ta spill orsaka ett behov av sanering. I dep\u00e5n, p\u00e5 uppst\u00e4llningsplats, under skotern eller under maskinerna.\u00a0<\/p><p>F\u00f6rutom standardm\u00e5tten f\u00f6r bilar och motorcyklar kan du best\u00e4lla en milj\u00f6skyddsmatta helt enligt dina behov. <br \/><a href=\"https:\/\/racetou.se\/index.php\/produkt\/miljoskyddsmatta-custom\/\">Mer om Custom h\u00e4r \u00bb<\/a><\/p>\t\t\t\t\t\t\t\t<\/div>\n\t\t\t\t\t<\/div>\n\t\t\t\t<\/div>\n\t\t<div class=\"elementor-element elementor-element-e495107 e-flex e-con-boxed e-con e-parent\" data-id=\"e495107\" data-element_type=\"container\" data-e-type=\"container\">\n\t\t\t\t\t<div class=\"e-con-inner\">\n\t\t\t\t<div class=\"elementor-element elementor-element-3549316 elementor-widget elementor-widget-heading\" data-id=\"3549316\" data-element_type=\"widget\" data-e-type=\"widget\" data-widget_type=\"heading.default\">\n\t\t\t\t\t<h2 class=\"elementor-heading-title elementor-size-default\">Tunga fordon, r\u00e4ddning och andra till\u00e4mpningar<\/h2>\t\t\t\t<\/div>\n\t\t\t\t<div class=\"elementor-element elementor-element-90306ef elementor-widget elementor-widget-gallery\" data-id=\"90306ef\" data-element_type=\"widget\" data-e-type=\"widget\" data-settings=\"{&quot;gallery_layout&quot;:&quot;justified&quot;,&quot;gap&quot;:{&quot;unit&quot;:&quot;px&quot;,&quot;size&quot;:15,&quot;sizes&quot;:[]},&quot;lazyload&quot;:&quot;yes&quot;,&quot;ideal_row_height&quot;:{&quot;unit&quot;:&quot;px&quot;,&quot;size&quot;:200,&quot;sizes&quot;:[]},&quot;ideal_row_height_tablet&quot;:{&quot;unit&quot;:&quot;px&quot;,&quot;size&quot;:150,&quot;sizes&quot;:[]},&quot;ideal_row_height_mobile&quot;:{&quot;unit&quot;:&quot;px&quot;,&quot;size&quot;:150,&quot;sizes&quot;:[]},&quot;gap_tablet&quot;:{&quot;unit&quot;:&quot;px&quot;,&quot;size&quot;:10,&quot;sizes&quot;:[]},&quot;gap_mobile&quot;:{&quot;unit&quot;:&quot;px&quot;,&quot;size&quot;:10,&quot;sizes&quot;:[]},&quot;link_to&quot;:&quot;file&quot;,&quot;overlay_background&quot;:&quot;yes&quot;,&quot;content_hover_animation&quot;:&quot;fade-in&quot;}\" data-widget_type=\"gallery.default\">\n\t\t\t\t\t\t\t<div class=\"elementor-gallery__container\">\n\t\t\t\t\t\t\t<a class=\"e-gallery-item elementor-gallery-item elementor-animated-content\" href=\"https:\/\/racetou.se\/wp-content\/uploads\/2026\/01\/IMG_3639_rev-scaled.jpg\" data-elementor-open-lightbox=\"yes\" data-elementor-lightbox-slideshow=\"90306ef\" data-elementor-lightbox-title=\"IMG_3639_rev\" data-e-action-hash=\"#elementor-action%3Aaction%3Dlightbox%26settings%3DeyJpZCI6MzIwLCJ1cmwiOiJodHRwczpcL1wvcmFjZXRvdS5zZVwvd3AtY29udGVudFwvdXBsb2Fkc1wvMjAyNlwvMDFcL0lNR18zNjM5X3Jldi1zY2FsZWQuanBnIiwic2xpZGVzaG93IjoiOTAzMDZlZiJ9\">\n\t\t\t\t\t<div class=\"e-gallery-image elementor-gallery-item__image\" data-thumbnail=\"https:\/\/racetou.se\/wp-content\/uploads\/2026\/01\/IMG_3639_rev-300x218.jpg\" data-width=\"300\" data-height=\"218\" aria-label=\"Hjullastare p\u00e5 racetou milj\u00f6skyddsmatta 5,2x2,4\" role=\"img\" ><\/div>\n\t\t\t\t\t\t\t\t\t\t\t<div class=\"elementor-gallery-item__overlay\"><\/div>\n\t\t\t\t\t\t\t\t\t\t\t\t\t\t<\/a>\n\t\t\t\t\t\t\t<a class=\"e-gallery-item elementor-gallery-item elementor-animated-content\" href=\"https:\/\/racetou.se\/wp-content\/uploads\/2026\/01\/IMG_4429.jpg\" data-elementor-open-lightbox=\"yes\" data-elementor-lightbox-slideshow=\"90306ef\" data-elementor-lightbox-title=\"IMG_4429\" data-e-action-hash=\"#elementor-action%3Aaction%3Dlightbox%26settings%3DeyJpZCI6MzIxLCJ1cmwiOiJodHRwczpcL1wvcmFjZXRvdS5zZVwvd3AtY29udGVudFwvdXBsb2Fkc1wvMjAyNlwvMDFcL0lNR180NDI5LmpwZyIsInNsaWRlc2hvdyI6IjkwMzA2ZWYifQ%3D%3D\">\n\t\t\t\t\t<div class=\"e-gallery-image elementor-gallery-item__image\" data-thumbnail=\"https:\/\/racetou.se\/wp-content\/uploads\/2026\/01\/IMG_4429-300x225.jpg\" data-width=\"300\" data-height=\"225\" aria-label=\"Racetou milj\u00f6skyddsmatta vid reparation av b\u00e4rgningsfordon\" role=\"img\" ><\/div>\n\t\t\t\t\t\t\t\t\t\t\t<div class=\"elementor-gallery-item__overlay\"><\/div>\n\t\t\t\t\t\t\t\t\t\t\t\t\t\t<\/a>\n\t\t\t\t\t<\/div>\n\t\t\t\t\t<\/div>\n\t\t\t\t\t<\/div>\n\t\t\t\t<\/div>\n\t\t\t\t<\/div>\n\t\t","protected":false},"excerpt":{"rendered":"<p>Specialmattor f\u00f6r andra behov \u2013 Custom Racetou Milj\u00f6skyddsmatta \u00e4r enkel att anv\u00e4nda och har en stor m\u00e4ngd till\u00e4mpningar d\u00e4r det \u00e4r viktigt att inte l\u00e5ta spill orsaka ett behov av sanering. I dep\u00e5n, p\u00e5 uppst\u00e4llningsplats, under skotern eller under maskinerna.\u00a0 F\u00f6rutom standardm\u00e5tten f\u00f6r bilar och motorcyklar kan du best\u00e4lla en milj\u00f6skyddsmatta helt enligt dina behov. [&hellip;]<\/p>\n","protected":false},"author":1,"featured_media":0,"parent":0,"menu_order":0,"comment_status":"closed","ping_status":"closed","template":"","meta":{"footnotes":""},"class_list":["post-446","page","type-page","status-publish","hentry"],"yoast_head":"<!-- This site is optimized with the Yoast SEO plugin v27.5 - https:\/\/yoast.com\/product\/yoast-seo-wordpress\/ -->\n<title>Specialmattor - Racetou<\/title>\n<meta name=\"robots\" content=\"index, follow, max-snippet:-1, max-image-preview:large, max-video-preview:-1\" \/>\n<link rel=\"canonical\" href=\"https:\/\/racetou.se\/index.php\/specialmattor\/\" \/>\n<meta property=\"og:locale\" content=\"sv_SE\" \/>\n<meta property=\"og:type\" content=\"article\" \/>\n<meta property=\"og:title\" content=\"Specialmattor - Racetou\" \/>\n<meta property=\"og:description\" content=\"Specialmattor f\u00f6r andra behov \u2013 Custom Racetou Milj\u00f6skyddsmatta \u00e4r enkel att anv\u00e4nda och har en stor m\u00e4ngd till\u00e4mpningar d\u00e4r det \u00e4r viktigt att inte l\u00e5ta spill orsaka ett behov av sanering. I dep\u00e5n, p\u00e5 uppst\u00e4llningsplats, under skotern eller under maskinerna.\u00a0 F\u00f6rutom standardm\u00e5tten f\u00f6r bilar och motorcyklar kan du best\u00e4lla en milj\u00f6skyddsmatta helt enligt dina behov. [&hellip;]\" \/>\n<meta property=\"og:url\" content=\"https:\/\/racetou.se\/index.php\/specialmattor\/\" \/>\n<meta property=\"og:site_name\" content=\"Racetou\" \/>\n<meta property=\"article:modified_time\" content=\"2026-02-13T09:28:16+00:00\" \/>\n<meta property=\"og:image\" content=\"https:\/\/racetou.se\/wp-content\/uploads\/2026\/01\/utstallningsbild.jpg\" \/>\n\t<meta property=\"og:image:width\" content=\"1920\" \/>\n\t<meta property=\"og:image:height\" content=\"1080\" \/>\n\t<meta property=\"og:image:type\" content=\"image\/jpeg\" \/>\n<meta name=\"twitter:card\" content=\"summary_large_image\" \/>\n<meta name=\"twitter:label1\" content=\"Ber\u00e4knad l\u00e4stid\" \/>\n\t<meta name=\"twitter:data1\" content=\"1 minut\" \/>\n<script type=\"application\/ld+json\" class=\"yoast-schema-graph\">{\"@context\":\"https:\\\/\\\/schema.org\",\"@graph\":[{\"@type\":\"WebPage\",\"@id\":\"https:\\\/\\\/racetou.se\\\/index.php\\\/specialmattor\\\/\",\"url\":\"https:\\\/\\\/racetou.se\\\/index.php\\\/specialmattor\\\/\",\"name\":\"Specialmattor - Racetou\",\"isPartOf\":{\"@id\":\"https:\\\/\\\/racetou.se\\\/#website\"},\"datePublished\":\"2026-01-20T16:01:35+00:00\",\"dateModified\":\"2026-02-13T09:28:16+00:00\",\"breadcrumb\":{\"@id\":\"https:\\\/\\\/racetou.se\\\/index.php\\\/specialmattor\\\/#breadcrumb\"},\"inLanguage\":\"sv-SE\",\"potentialAction\":[{\"@type\":\"ReadAction\",\"target\":[\"https:\\\/\\\/racetou.se\\\/index.php\\\/specialmattor\\\/\"]}]},{\"@type\":\"BreadcrumbList\",\"@id\":\"https:\\\/\\\/racetou.se\\\/index.php\\\/specialmattor\\\/#breadcrumb\",\"itemListElement\":[{\"@type\":\"ListItem\",\"position\":1,\"name\":\"Hem\",\"item\":\"https:\\\/\\\/racetou.se\\\/\"},{\"@type\":\"ListItem\",\"position\":2,\"name\":\"Specialmattor\"}]},{\"@type\":\"WebSite\",\"@id\":\"https:\\\/\\\/racetou.se\\\/#website\",\"url\":\"https:\\\/\\\/racetou.se\\\/\",\"name\":\"Racetou\",\"description\":\"Milj\u00f6skyddsmatta f\u00f6r motorracing\",\"publisher\":{\"@id\":\"https:\\\/\\\/racetou.se\\\/#organization\"},\"potentialAction\":[{\"@type\":\"SearchAction\",\"target\":{\"@type\":\"EntryPoint\",\"urlTemplate\":\"https:\\\/\\\/racetou.se\\\/?s={search_term_string}\"},\"query-input\":{\"@type\":\"PropertyValueSpecification\",\"valueRequired\":true,\"valueName\":\"search_term_string\"}}],\"inLanguage\":\"sv-SE\"},{\"@type\":\"Organization\",\"@id\":\"https:\\\/\\\/racetou.se\\\/#organization\",\"name\":\"Racetou\",\"url\":\"https:\\\/\\\/racetou.se\\\/\",\"logo\":{\"@type\":\"ImageObject\",\"inLanguage\":\"sv-SE\",\"@id\":\"https:\\\/\\\/racetou.se\\\/#\\\/schema\\\/logo\\\/image\\\/\",\"url\":\"https:\\\/\\\/racetou.se\\\/wp-content\\\/uploads\\\/2025\\\/12\\\/Rityta-1.png\",\"contentUrl\":\"https:\\\/\\\/racetou.se\\\/wp-content\\\/uploads\\\/2025\\\/12\\\/Rityta-1.png\",\"width\":325,\"height\":322,\"caption\":\"Racetou\"},\"image\":{\"@id\":\"https:\\\/\\\/racetou.se\\\/#\\\/schema\\\/logo\\\/image\\\/\"}}]}<\/script>\n<!-- \/ Yoast SEO plugin. -->","yoast_head_json":{"title":"Specialmattor - Racetou","robots":{"index":"index","follow":"follow","max-snippet":"max-snippet:-1","max-image-preview":"max-image-preview:large","max-video-preview":"max-video-preview:-1"},"canonical":"https:\/\/racetou.se\/index.php\/specialmattor\/","og_locale":"sv_SE","og_type":"article","og_title":"Specialmattor - Racetou","og_description":"Specialmattor f\u00f6r andra behov \u2013 Custom Racetou Milj\u00f6skyddsmatta \u00e4r enkel att anv\u00e4nda och har en stor m\u00e4ngd till\u00e4mpningar d\u00e4r det \u00e4r viktigt att inte l\u00e5ta spill orsaka ett behov av sanering. I dep\u00e5n, p\u00e5 uppst\u00e4llningsplats, under skotern eller under maskinerna.\u00a0 F\u00f6rutom standardm\u00e5tten f\u00f6r bilar och motorcyklar kan du best\u00e4lla en milj\u00f6skyddsmatta helt enligt dina behov. [&hellip;]","og_url":"https:\/\/racetou.se\/index.php\/specialmattor\/","og_site_name":"Racetou","article_modified_time":"2026-02-13T09:28:16+00:00","og_image":[{"width":1920,"height":1080,"url":"https:\/\/racetou.se\/wp-content\/uploads\/2026\/01\/utstallningsbild.jpg","type":"image\/jpeg"}],"twitter_card":"summary_large_image","twitter_misc":{"Ber\u00e4knad l\u00e4stid":"1 minut"},"schema":{"@context":"https:\/\/schema.org","@graph":[{"@type":"WebPage","@id":"https:\/\/racetou.se\/index.php\/specialmattor\/","url":"https:\/\/racetou.se\/index.php\/specialmattor\/","name":"Specialmattor - Racetou","isPartOf":{"@id":"https:\/\/racetou.se\/#website"},"datePublished":"2026-01-20T16:01:35+00:00","dateModified":"2026-02-13T09:28:16+00:00","breadcrumb":{"@id":"https:\/\/racetou.se\/index.php\/specialmattor\/#breadcrumb"},"inLanguage":"sv-SE","potentialAction":[{"@type":"ReadAction","target":["https:\/\/racetou.se\/index.php\/specialmattor\/"]}]},{"@type":"BreadcrumbList","@id":"https:\/\/racetou.se\/index.php\/specialmattor\/#breadcrumb","itemListElement":[{"@type":"ListItem","position":1,"name":"Hem","item":"https:\/\/racetou.se\/"},{"@type":"ListItem","position":2,"name":"Specialmattor"}]},{"@type":"WebSite","@id":"https:\/\/racetou.se\/#website","url":"https:\/\/racetou.se\/","name":"Racetou","description":"Milj\u00f6skyddsmatta f\u00f6r motorracing","publisher":{"@id":"https:\/\/racetou.se\/#organization"},"potentialAction":[{"@type":"SearchAction","target":{"@type":"EntryPoint","urlTemplate":"https:\/\/racetou.se\/?s={search_term_string}"},"query-input":{"@type":"PropertyValueSpecification","valueRequired":true,"valueName":"search_term_string"}}],"inLanguage":"sv-SE"},{"@type":"Organization","@id":"https:\/\/racetou.se\/#organization","name":"Racetou","url":"https:\/\/racetou.se\/","logo":{"@type":"ImageObject","inLanguage":"sv-SE","@id":"https:\/\/racetou.se\/#\/schema\/logo\/image\/","url":"https:\/\/racetou.se\/wp-content\/uploads\/2025\/12\/Rityta-1.png","contentUrl":"https:\/\/racetou.se\/wp-content\/uploads\/2025\/12\/Rityta-1.png","width":325,"height":322,"caption":"Racetou"},"image":{"@id":"https:\/\/racetou.se\/#\/schema\/logo\/image\/"}}]}},"_links":{"self":[{"href":"https:\/\/racetou.se\/index.php\/wp-json\/wp\/v2\/pages\/446","targetHints":{"allow":["GET"]}}],"collection":[{"href":"https:\/\/racetou.se\/index.php\/wp-json\/wp\/v2\/pages"}],"about":[{"href":"https:\/\/racetou.se\/index.php\/wp-json\/wp\/v2\/types\/page"}],"author":[{"embeddable":true,"href":"https:\/\/racetou.se\/index.php\/wp-json\/wp\/v2\/users\/1"}],"replies":[{"embeddable":true,"href":"https:\/\/racetou.se\/index.php\/wp-json\/wp\/v2\/comments?post=446"}],"version-history":[{"count":16,"href":"https:\/\/racetou.se\/index.php\/wp-json\/wp\/v2\/pages\/446\/revisions"}],"predecessor-version":[{"id":818,"href":"https:\/\/racetou.se\/index.php\/wp-json\/wp\/v2\/pages\/446\/revisions\/818"}],"wp:attachment":[{"href":"https:\/\/racetou.se\/index.php\/wp-json\/wp\/v2\/media?parent=446"}],"curies":[{"name":"wp","href":"https:\/\/api.w.org\/{rel}","templated":true}]}}