{"id":226,"date":"2026-01-07T15:18:09","date_gmt":"2026-01-07T15:18:09","guid":{"rendered":"https:\/\/racetou.se\/?page_id=226"},"modified":"2026-01-22T13:20:42","modified_gmt":"2026-01-22T13:20:42","slug":"om-racetou","status":"publish","type":"page","link":"https:\/\/racetou.se\/index.php\/om-racetou\/","title":{"rendered":"Om racetou"},"content":{"rendered":"\t\t<div data-elementor-type=\"wp-page\" data-elementor-id=\"226\" class=\"elementor elementor-226\" data-elementor-post-type=\"page\">\n\t\t\t\t<div class=\"elementor-element elementor-element-459582c e-con-full e-flex e-con e-parent\" data-id=\"459582c\" data-element_type=\"container\" data-e-type=\"container\">\n\t\t\t\t<div class=\"elementor-element elementor-element-80a505c elementor-widget elementor-widget-image\" data-id=\"80a505c\" data-element_type=\"widget\" data-e-type=\"widget\" data-widget_type=\"image.default\">\n\t\t\t\t\t\t\t\t\t\t\t\t\t\t\t<img decoding=\"async\" src=\"https:\/\/racetou.se\/wp-content\/uploads\/2026\/01\/1672x530px_utstallningsbild.jpg\" title=\"1672x530px_utstallningsbild\" alt=\"Racetou Milj\u00f6matta i utst\u00e4llningsmonter\" loading=\"lazy\" \/>\t\t\t\t\t\t\t\t\t\t\t\t\t\t\t<\/div>\n\t\t\t\t<\/div>\n\t\t<div class=\"elementor-element elementor-element-dcb15f4 e-flex e-con-boxed e-con e-parent\" data-id=\"dcb15f4\" data-element_type=\"container\" data-e-type=\"container\">\n\t\t\t\t\t<div class=\"e-con-inner\">\n\t\t\t\t<div class=\"elementor-element elementor-element-c3f7019 elementor-widget elementor-widget-heading\" data-id=\"c3f7019\" data-element_type=\"widget\" data-e-type=\"widget\" data-widget_type=\"heading.default\">\n\t\t\t\t\t<h2 class=\"elementor-heading-title elementor-size-default\">Om Racetou och milj\u00f6skyddsmattor<\/h2>\t\t\t\t<\/div>\n\t\t\t\t<div class=\"elementor-element elementor-element-3c50393 elementor-widget elementor-widget-text-editor\" data-id=\"3c50393\" data-element_type=\"widget\" data-e-type=\"widget\" data-widget_type=\"text-editor.default\">\n\t\t\t\t\t\t\t\t\t<p style=\"font-weight: 400;\">I folkrace och andra motorsporter st\u00e4lls tydliga krav p\u00e5 spilluppsamling i dep\u00e5n etc. Ett godk\u00e4nt milj\u00f6skydd \u00e4r inte bara ett m\u00e5ste enligt regelverk fr\u00e5n Svenska Bilsportsf\u00f6rbundet SBF, SVEMO&nbsp;och andra motororganisationer \u2013 milj\u00f6skyddsmattan \u00e4r ocks\u00e5 ett enkelt s\u00e4tt att visa respekt f\u00f6r motorsporten, banan, funktion\u00e4rerna och milj\u00f6n.<\/p>\n<p style=\"font-weight: 400;\">Racetou \u00e4r en del av Ekokvalitet i J\u00e4mtland AB och kommer ur v\u00e5r passion f\u00f6r folkrace och motorsport. Vi vet hur dep\u00e5n fungerar \u2013 och vi vet vad som kr\u00e4vs f\u00f6r att t\u00e4vla. Som f\u00f6rsta produkt har vi utvecklat en milj\u00f6skyddsmatta som g\u00f6r att du effektivt samlar upp olja, br\u00e4nsle och andra v\u00e4tskor som kan l\u00e4cka under bilen etc.<\/p>\n<p style=\"font-weight: 400;\">Vi s\u00e4ljer b\u00e5de egenutvecklade produkter och noggrant utvalda l\u00f6sningar fr\u00e5n andra tillverkare \u2013 s\u00e5dant vi sj\u00e4lva vet h\u00e5ller m\u00e5ttet, i dep\u00e5n och \u00f6ver tid.<br>I v\u00e5r webbshop hittar du alltid ett aktuellt sortiment av milj\u00f6skyddsmattor och tillbeh\u00f6r som \u00e4r anpassade f\u00f6r motorsport. Handla enkelt och tryggt med flera olika betals\u00e4tt att v\u00e4lja mellan.<\/p><p style=\"font-weight: 400;\"><br><\/p>\t\t\t\t\t\t\t\t<\/div>\n\t\t\t\t\t<\/div>\n\t\t\t\t<\/div>\n\t\t\t\t<\/div>\n\t\t","protected":false},"excerpt":{"rendered":"<p>Om Racetou och milj\u00f6skyddsmattor I folkrace och andra motorsporter st\u00e4lls tydliga krav p\u00e5 spilluppsamling i dep\u00e5n etc. Ett godk\u00e4nt milj\u00f6skydd \u00e4r inte bara ett m\u00e5ste enligt regelverk fr\u00e5n Svenska Bilsportsf\u00f6rbundet SBF, SVEMO&nbsp;och andra motororganisationer \u2013 milj\u00f6skyddsmattan \u00e4r ocks\u00e5 ett enkelt s\u00e4tt att visa respekt f\u00f6r motorsporten, banan, funktion\u00e4rerna och milj\u00f6n. Racetou \u00e4r en del av [&hellip;]<\/p>\n","protected":false},"author":1,"featured_media":0,"parent":0,"menu_order":0,"comment_status":"closed","ping_status":"closed","template":"","meta":{"footnotes":""},"class_list":["post-226","page","type-page","status-publish","hentry"],"yoast_head":"<!-- This site is optimized with the Yoast SEO plugin v27.5 - https:\/\/yoast.com\/product\/yoast-seo-wordpress\/ -->\n<title>Om racetou - Racetou<\/title>\n<meta name=\"description\" content=\"Racetou.se \u00e4r en del av Ekokvalitet i J\u00e4mtland AB och kommer ur v\u00e5r passion f\u00f6r folkrace. V\u00e5r milj\u00f6skyddsmatta samlar upp olja under bilen.\" \/>\n<meta name=\"robots\" content=\"index, follow, max-snippet:-1, max-image-preview:large, max-video-preview:-1\" \/>\n<link rel=\"canonical\" href=\"https:\/\/racetou.se\/index.php\/om-racetou\/\" \/>\n<meta property=\"og:locale\" content=\"sv_SE\" \/>\n<meta property=\"og:type\" content=\"article\" \/>\n<meta property=\"og:title\" content=\"Om racetou - Racetou\" \/>\n<meta property=\"og:description\" content=\"Racetou.se \u00e4r en del av Ekokvalitet i J\u00e4mtland AB och kommer ur v\u00e5r passion f\u00f6r folkrace. V\u00e5r milj\u00f6skyddsmatta samlar upp olja under bilen.\" \/>\n<meta property=\"og:url\" content=\"https:\/\/racetou.se\/index.php\/om-racetou\/\" \/>\n<meta property=\"og:site_name\" content=\"Racetou\" \/>\n<meta property=\"article:modified_time\" content=\"2026-01-22T13:20:42+00:00\" \/>\n<meta property=\"og:image\" content=\"https:\/\/racetou.se\/wp-content\/uploads\/2026\/01\/1672x530px_utstallningsbild.jpg\" \/>\n<meta name=\"twitter:card\" content=\"summary_large_image\" \/>\n<meta name=\"twitter:label1\" content=\"Ber\u00e4knad l\u00e4stid\" \/>\n\t<meta name=\"twitter:data1\" content=\"1 minut\" \/>\n<script type=\"application\/ld+json\" class=\"yoast-schema-graph\">{\"@context\":\"https:\\\/\\\/schema.org\",\"@graph\":[{\"@type\":\"WebPage\",\"@id\":\"https:\\\/\\\/racetou.se\\\/index.php\\\/om-racetou\\\/\",\"url\":\"https:\\\/\\\/racetou.se\\\/index.php\\\/om-racetou\\\/\",\"name\":\"Om racetou - Racetou\",\"isPartOf\":{\"@id\":\"https:\\\/\\\/racetou.se\\\/#website\"},\"primaryImageOfPage\":{\"@id\":\"https:\\\/\\\/racetou.se\\\/index.php\\\/om-racetou\\\/#primaryimage\"},\"image\":{\"@id\":\"https:\\\/\\\/racetou.se\\\/index.php\\\/om-racetou\\\/#primaryimage\"},\"thumbnailUrl\":\"https:\\\/\\\/racetou.se\\\/wp-content\\\/uploads\\\/2026\\\/01\\\/1672x530px_utstallningsbild.jpg\",\"datePublished\":\"2026-01-07T15:18:09+00:00\",\"dateModified\":\"2026-01-22T13:20:42+00:00\",\"description\":\"Racetou.se \u00e4r en del av Ekokvalitet i J\u00e4mtland AB och kommer ur v\u00e5r passion f\u00f6r folkrace. V\u00e5r milj\u00f6skyddsmatta samlar upp olja under bilen.\",\"breadcrumb\":{\"@id\":\"https:\\\/\\\/racetou.se\\\/index.php\\\/om-racetou\\\/#breadcrumb\"},\"inLanguage\":\"sv-SE\",\"potentialAction\":[{\"@type\":\"ReadAction\",\"target\":[\"https:\\\/\\\/racetou.se\\\/index.php\\\/om-racetou\\\/\"]}]},{\"@type\":\"ImageObject\",\"inLanguage\":\"sv-SE\",\"@id\":\"https:\\\/\\\/racetou.se\\\/index.php\\\/om-racetou\\\/#primaryimage\",\"url\":\"https:\\\/\\\/racetou.se\\\/wp-content\\\/uploads\\\/2026\\\/01\\\/1672x530px_utstallningsbild.jpg\",\"contentUrl\":\"https:\\\/\\\/racetou.se\\\/wp-content\\\/uploads\\\/2026\\\/01\\\/1672x530px_utstallningsbild.jpg\",\"width\":1672,\"height\":530,\"caption\":\"Racetou Milj\u00f6matta i utst\u00e4llningsmonter\"},{\"@type\":\"BreadcrumbList\",\"@id\":\"https:\\\/\\\/racetou.se\\\/index.php\\\/om-racetou\\\/#breadcrumb\",\"itemListElement\":[{\"@type\":\"ListItem\",\"position\":1,\"name\":\"Hem\",\"item\":\"https:\\\/\\\/racetou.se\\\/\"},{\"@type\":\"ListItem\",\"position\":2,\"name\":\"Om racetou\"}]},{\"@type\":\"WebSite\",\"@id\":\"https:\\\/\\\/racetou.se\\\/#website\",\"url\":\"https:\\\/\\\/racetou.se\\\/\",\"name\":\"Racetou\",\"description\":\"Milj\u00f6skyddsmatta f\u00f6r motorracing\",\"publisher\":{\"@id\":\"https:\\\/\\\/racetou.se\\\/#organization\"},\"potentialAction\":[{\"@type\":\"SearchAction\",\"target\":{\"@type\":\"EntryPoint\",\"urlTemplate\":\"https:\\\/\\\/racetou.se\\\/?s={search_term_string}\"},\"query-input\":{\"@type\":\"PropertyValueSpecification\",\"valueRequired\":true,\"valueName\":\"search_term_string\"}}],\"inLanguage\":\"sv-SE\"},{\"@type\":\"Organization\",\"@id\":\"https:\\\/\\\/racetou.se\\\/#organization\",\"name\":\"Racetou\",\"url\":\"https:\\\/\\\/racetou.se\\\/\",\"logo\":{\"@type\":\"ImageObject\",\"inLanguage\":\"sv-SE\",\"@id\":\"https:\\\/\\\/racetou.se\\\/#\\\/schema\\\/logo\\\/image\\\/\",\"url\":\"https:\\\/\\\/racetou.se\\\/wp-content\\\/uploads\\\/2025\\\/12\\\/Rityta-1.png\",\"contentUrl\":\"https:\\\/\\\/racetou.se\\\/wp-content\\\/uploads\\\/2025\\\/12\\\/Rityta-1.png\",\"width\":325,\"height\":322,\"caption\":\"Racetou\"},\"image\":{\"@id\":\"https:\\\/\\\/racetou.se\\\/#\\\/schema\\\/logo\\\/image\\\/\"}}]}<\/script>\n<!-- \/ Yoast SEO plugin. -->","yoast_head_json":{"title":"Om racetou - Racetou","description":"Racetou.se \u00e4r en del av Ekokvalitet i J\u00e4mtland AB och kommer ur v\u00e5r passion f\u00f6r folkrace. V\u00e5r milj\u00f6skyddsmatta samlar upp olja under bilen.","robots":{"index":"index","follow":"follow","max-snippet":"max-snippet:-1","max-image-preview":"max-image-preview:large","max-video-preview":"max-video-preview:-1"},"canonical":"https:\/\/racetou.se\/index.php\/om-racetou\/","og_locale":"sv_SE","og_type":"article","og_title":"Om racetou - Racetou","og_description":"Racetou.se \u00e4r en del av Ekokvalitet i J\u00e4mtland AB och kommer ur v\u00e5r passion f\u00f6r folkrace. V\u00e5r milj\u00f6skyddsmatta samlar upp olja under bilen.","og_url":"https:\/\/racetou.se\/index.php\/om-racetou\/","og_site_name":"Racetou","article_modified_time":"2026-01-22T13:20:42+00:00","og_image":[{"url":"https:\/\/racetou.se\/wp-content\/uploads\/2026\/01\/1672x530px_utstallningsbild.jpg","type":"","width":"","height":""}],"twitter_card":"summary_large_image","twitter_misc":{"Ber\u00e4knad l\u00e4stid":"1 minut"},"schema":{"@context":"https:\/\/schema.org","@graph":[{"@type":"WebPage","@id":"https:\/\/racetou.se\/index.php\/om-racetou\/","url":"https:\/\/racetou.se\/index.php\/om-racetou\/","name":"Om racetou - Racetou","isPartOf":{"@id":"https:\/\/racetou.se\/#website"},"primaryImageOfPage":{"@id":"https:\/\/racetou.se\/index.php\/om-racetou\/#primaryimage"},"image":{"@id":"https:\/\/racetou.se\/index.php\/om-racetou\/#primaryimage"},"thumbnailUrl":"https:\/\/racetou.se\/wp-content\/uploads\/2026\/01\/1672x530px_utstallningsbild.jpg","datePublished":"2026-01-07T15:18:09+00:00","dateModified":"2026-01-22T13:20:42+00:00","description":"Racetou.se \u00e4r en del av Ekokvalitet i J\u00e4mtland AB och kommer ur v\u00e5r passion f\u00f6r folkrace. V\u00e5r milj\u00f6skyddsmatta samlar upp olja under bilen.","breadcrumb":{"@id":"https:\/\/racetou.se\/index.php\/om-racetou\/#breadcrumb"},"inLanguage":"sv-SE","potentialAction":[{"@type":"ReadAction","target":["https:\/\/racetou.se\/index.php\/om-racetou\/"]}]},{"@type":"ImageObject","inLanguage":"sv-SE","@id":"https:\/\/racetou.se\/index.php\/om-racetou\/#primaryimage","url":"https:\/\/racetou.se\/wp-content\/uploads\/2026\/01\/1672x530px_utstallningsbild.jpg","contentUrl":"https:\/\/racetou.se\/wp-content\/uploads\/2026\/01\/1672x530px_utstallningsbild.jpg","width":1672,"height":530,"caption":"Racetou Milj\u00f6matta i utst\u00e4llningsmonter"},{"@type":"BreadcrumbList","@id":"https:\/\/racetou.se\/index.php\/om-racetou\/#breadcrumb","itemListElement":[{"@type":"ListItem","position":1,"name":"Hem","item":"https:\/\/racetou.se\/"},{"@type":"ListItem","position":2,"name":"Om racetou"}]},{"@type":"WebSite","@id":"https:\/\/racetou.se\/#website","url":"https:\/\/racetou.se\/","name":"Racetou","description":"Milj\u00f6skyddsmatta f\u00f6r motorracing","publisher":{"@id":"https:\/\/racetou.se\/#organization"},"potentialAction":[{"@type":"SearchAction","target":{"@type":"EntryPoint","urlTemplate":"https:\/\/racetou.se\/?s={search_term_string}"},"query-input":{"@type":"PropertyValueSpecification","valueRequired":true,"valueName":"search_term_string"}}],"inLanguage":"sv-SE"},{"@type":"Organization","@id":"https:\/\/racetou.se\/#organization","name":"Racetou","url":"https:\/\/racetou.se\/","logo":{"@type":"ImageObject","inLanguage":"sv-SE","@id":"https:\/\/racetou.se\/#\/schema\/logo\/image\/","url":"https:\/\/racetou.se\/wp-content\/uploads\/2025\/12\/Rityta-1.png","contentUrl":"https:\/\/racetou.se\/wp-content\/uploads\/2025\/12\/Rityta-1.png","width":325,"height":322,"caption":"Racetou"},"image":{"@id":"https:\/\/racetou.se\/#\/schema\/logo\/image\/"}}]}},"_links":{"self":[{"href":"https:\/\/racetou.se\/index.php\/wp-json\/wp\/v2\/pages\/226","targetHints":{"allow":["GET"]}}],"collection":[{"href":"https:\/\/racetou.se\/index.php\/wp-json\/wp\/v2\/pages"}],"about":[{"href":"https:\/\/racetou.se\/index.php\/wp-json\/wp\/v2\/types\/page"}],"author":[{"embeddable":true,"href":"https:\/\/racetou.se\/index.php\/wp-json\/wp\/v2\/users\/1"}],"replies":[{"embeddable":true,"href":"https:\/\/racetou.se\/index.php\/wp-json\/wp\/v2\/comments?post=226"}],"version-history":[{"count":57,"href":"https:\/\/racetou.se\/index.php\/wp-json\/wp\/v2\/pages\/226\/revisions"}],"predecessor-version":[{"id":512,"href":"https:\/\/racetou.se\/index.php\/wp-json\/wp\/v2\/pages\/226\/revisions\/512"}],"wp:attachment":[{"href":"https:\/\/racetou.se\/index.php\/wp-json\/wp\/v2\/media?parent=226"}],"curies":[{"name":"wp","href":"https:\/\/api.w.org\/{rel}","templated":true}]}}