{"id":186,"date":"2026-01-07T12:38:24","date_gmt":"2026-01-07T12:38:24","guid":{"rendered":"https:\/\/racetou.se\/?page_id=186"},"modified":"2026-02-10T12:46:03","modified_gmt":"2026-02-10T12:46:03","slug":"hur-anvands-mattan","status":"publish","type":"page","link":"https:\/\/racetou.se\/index.php\/hur-anvands-mattan\/","title":{"rendered":"Hur anv\u00e4nds mattan?"},"content":{"rendered":"\t\t<div data-elementor-type=\"wp-page\" data-elementor-id=\"186\" class=\"elementor elementor-186\" data-elementor-post-type=\"page\">\n\t\t\t\t<div class=\"elementor-element elementor-element-df3c857 e-flex e-con-boxed e-con e-parent\" data-id=\"df3c857\" data-element_type=\"container\" data-e-type=\"container\">\n\t\t\t\t\t<div class=\"e-con-inner\">\n\t\t\t\t<div class=\"elementor-element elementor-element-0adb1d7 elementor-widget elementor-widget-heading\" data-id=\"0adb1d7\" data-element_type=\"widget\" data-e-type=\"widget\" data-widget_type=\"heading.default\">\n\t\t\t\t\t<h2 class=\"elementor-heading-title elementor-size-default\">H\u00e5ll oljan p\u00e5 mattan!<\/h2>\t\t\t\t<\/div>\n\t\t\t\t<div class=\"elementor-element elementor-element-ea2428e elementor-widget elementor-widget-text-editor\" data-id=\"ea2428e\" data-element_type=\"widget\" data-e-type=\"widget\" data-widget_type=\"text-editor.default\">\n\t\t\t\t\t\t\t\t\t<p>Racetou Milj\u00f6skyddsmatta \u00e4r enkel att anv\u00e4nda och har en stor m\u00e4ngd till\u00e4mpningar d\u00e4r det \u00e4r viktigt att inte l\u00e5ta spill orsaka ett behov av oljesanering. I dep\u00e5n, under skotern eller under maskinerna.\u00a0<\/p>\t\t\t\t\t\t\t\t<\/div>\n\t\t\t\t\t<\/div>\n\t\t\t\t<\/div>\n\t\t<div class=\"elementor-element elementor-element-63f8da1 e-flex e-con-boxed e-con e-parent\" data-id=\"63f8da1\" data-element_type=\"container\" data-e-type=\"container\">\n\t\t\t\t\t<div class=\"e-con-inner\">\n\t\t<div class=\"elementor-element elementor-element-73d4de0 e-con-full e-flex e-con e-child\" data-id=\"73d4de0\" data-element_type=\"container\" data-e-type=\"container\">\n\t\t\t\t<div class=\"elementor-element elementor-element-2c345c5 elementor-widget elementor-widget-video\" data-id=\"2c345c5\" data-element_type=\"widget\" data-e-type=\"widget\" data-settings=\"{&quot;video_type&quot;:&quot;vimeo&quot;}\" data-widget_type=\"video.default\">\n\t\t\t\t\t\t\t<div class=\"elementor-wrapper elementor-open-inline\">\n\t\t\t<iframe class=\"elementor-video-iframe\" allowfullscreen allow=\"clipboard-write\" title=\"vimeo-videospelare\" src=\"https:\/\/player.vimeo.com\/video\/1158327145?color&amp;autopause=0&amp;loop=0&amp;muted=0&amp;title=0&amp;portrait=0&amp;byline=0#t=\"><\/iframe>\t\t<\/div>\n\t\t\t\t\t\t<\/div>\n\t\t\t\t<\/div>\n\t\t<div class=\"elementor-element elementor-element-150631f e-con-full e-flex e-con e-child\" data-id=\"150631f\" data-element_type=\"container\" data-e-type=\"container\">\n\t\t\t\t<div class=\"elementor-element elementor-element-22b9807 elementor-widget elementor-widget-text-editor\" data-id=\"22b9807\" data-element_type=\"widget\" data-e-type=\"widget\" data-widget_type=\"text-editor.default\">\n\t\t\t\t\t\t\t\t\t<p>Rallycrossf\u00f6raren Emilie Bergbom fr\u00e5n Fj\u00e4r\u00e5s demonstrerar hur enkelt det \u00e4r att montera ett mycket bra underlagsskydd med Racetou milj\u00f6skyddsmatta.\u00a0<\/p>\t\t\t\t\t\t\t\t<\/div>\n\t\t\t\t<\/div>\n\t\t\t\t\t<\/div>\n\t\t\t\t<\/div>\n\t\t<div class=\"elementor-element elementor-element-5dddd66 e-flex e-con-boxed e-con e-parent\" data-id=\"5dddd66\" data-element_type=\"container\" data-e-type=\"container\">\n\t\t\t\t\t<div class=\"e-con-inner\">\n\t\t\t\t<div class=\"elementor-element elementor-element-ae01b2b elementor-widget elementor-widget-gallery\" data-id=\"ae01b2b\" data-element_type=\"widget\" data-e-type=\"widget\" data-settings=\"{&quot;lazyload&quot;:&quot;yes&quot;,&quot;gallery_layout&quot;:&quot;grid&quot;,&quot;columns&quot;:4,&quot;columns_tablet&quot;:2,&quot;columns_mobile&quot;:1,&quot;gap&quot;:{&quot;unit&quot;:&quot;px&quot;,&quot;size&quot;:10,&quot;sizes&quot;:[]},&quot;gap_tablet&quot;:{&quot;unit&quot;:&quot;px&quot;,&quot;size&quot;:10,&quot;sizes&quot;:[]},&quot;gap_mobile&quot;:{&quot;unit&quot;:&quot;px&quot;,&quot;size&quot;:10,&quot;sizes&quot;:[]},&quot;link_to&quot;:&quot;file&quot;,&quot;aspect_ratio&quot;:&quot;3:2&quot;,&quot;overlay_background&quot;:&quot;yes&quot;,&quot;content_hover_animation&quot;:&quot;fade-in&quot;}\" data-widget_type=\"gallery.default\">\n\t\t\t\t\t\t\t<div class=\"elementor-gallery__container\">\n\t\t\t\t\t\t\t<a class=\"e-gallery-item elementor-gallery-item elementor-animated-content\" href=\"https:\/\/racetou.se\/wp-content\/uploads\/2026\/01\/IMG_9485-scaled.jpg\" data-elementor-open-lightbox=\"yes\" data-elementor-lightbox-slideshow=\"ae01b2b\" data-elementor-lightbox-title=\"IMG_9485\" data-e-action-hash=\"#elementor-action%3Aaction%3Dlightbox%26settings%3DeyJpZCI6MzQxLCJ1cmwiOiJodHRwczpcL1wvcmFjZXRvdS5zZVwvd3AtY29udGVudFwvdXBsb2Fkc1wvMjAyNlwvMDFcL0lNR185NDg1LXNjYWxlZC5qcGciLCJzbGlkZXNob3ciOiJhZTAxYjJiIn0%3D\">\n\t\t\t\t\t<div class=\"e-gallery-image elementor-gallery-item__image\" data-thumbnail=\"https:\/\/racetou.se\/wp-content\/uploads\/2026\/01\/IMG_9485-225x300.jpg\" data-width=\"225\" data-height=\"300\" aria-label=\"Ford Prefekt utst\u00e4llningsbil p\u00e5 racetou milj\u00f6skyddsmatta\" role=\"img\" ><\/div>\n\t\t\t\t\t\t\t\t\t\t\t<div class=\"elementor-gallery-item__overlay\"><\/div>\n\t\t\t\t\t\t\t\t\t\t\t\t\t\t<\/a>\n\t\t\t\t\t\t\t<a class=\"e-gallery-item elementor-gallery-item elementor-animated-content\" href=\"https:\/\/racetou.se\/wp-content\/uploads\/2026\/01\/DSC04214.jpg\" data-elementor-open-lightbox=\"yes\" data-elementor-lightbox-slideshow=\"ae01b2b\" data-elementor-lightbox-title=\"DSC04214\" data-e-action-hash=\"#elementor-action%3Aaction%3Dlightbox%26settings%3DeyJpZCI6MzM5LCJ1cmwiOiJodHRwczpcL1wvcmFjZXRvdS5zZVwvd3AtY29udGVudFwvdXBsb2Fkc1wvMjAyNlwvMDFcL0RTQzA0MjE0LmpwZyIsInNsaWRlc2hvdyI6ImFlMDFiMmIifQ%3D%3D\">\n\t\t\t\t\t<div class=\"e-gallery-image elementor-gallery-item__image\" data-thumbnail=\"https:\/\/racetou.se\/wp-content\/uploads\/2026\/01\/DSC04214-300x143.jpg\" data-width=\"300\" data-height=\"143\" aria-label=\"Racetou milj\u00f6skyddsmatta i folkracedep\u00e5\" role=\"img\" ><\/div>\n\t\t\t\t\t\t\t\t\t\t\t<div class=\"elementor-gallery-item__overlay\"><\/div>\n\t\t\t\t\t\t\t\t\t\t\t\t\t\t<\/a>\n\t\t\t\t\t\t\t<a class=\"e-gallery-item elementor-gallery-item elementor-animated-content\" href=\"https:\/\/racetou.se\/wp-content\/uploads\/2026\/01\/IMG_8729-scaled.jpg\" data-elementor-open-lightbox=\"yes\" data-elementor-lightbox-slideshow=\"ae01b2b\" data-elementor-lightbox-title=\"IMG_8729\" data-e-action-hash=\"#elementor-action%3Aaction%3Dlightbox%26settings%3DeyJpZCI6MzIyLCJ1cmwiOiJodHRwczpcL1wvcmFjZXRvdS5zZVwvd3AtY29udGVudFwvdXBsb2Fkc1wvMjAyNlwvMDFcL0lNR184NzI5LXNjYWxlZC5qcGciLCJzbGlkZXNob3ciOiJhZTAxYjJiIn0%3D\">\n\t\t\t\t\t<div class=\"e-gallery-image elementor-gallery-item__image\" data-thumbnail=\"https:\/\/racetou.se\/wp-content\/uploads\/2026\/01\/IMG_8729-225x300.jpg\" data-width=\"225\" data-height=\"300\" aria-label=\"Moped p\u00e5 R\u00f6d Racetou milj\u00f6skyddsmatta 2,2x1,2 m\" role=\"img\" ><\/div>\n\t\t\t\t\t\t\t\t\t\t\t<div class=\"elementor-gallery-item__overlay\"><\/div>\n\t\t\t\t\t\t\t\t\t\t\t\t\t\t<\/a>\n\t\t\t\t\t\t\t<a class=\"e-gallery-item elementor-gallery-item elementor-animated-content\" href=\"https:\/\/racetou.se\/wp-content\/uploads\/2026\/01\/IMG_0113-1-scaled.jpg\" data-elementor-open-lightbox=\"yes\" data-elementor-lightbox-slideshow=\"ae01b2b\" data-elementor-lightbox-title=\"IMG_0113\" data-e-action-hash=\"#elementor-action%3Aaction%3Dlightbox%26settings%3DeyJpZCI6MzE4LCJ1cmwiOiJodHRwczpcL1wvcmFjZXRvdS5zZVwvd3AtY29udGVudFwvdXBsb2Fkc1wvMjAyNlwvMDFcL0lNR18wMTEzLTEtc2NhbGVkLmpwZyIsInNsaWRlc2hvdyI6ImFlMDFiMmIifQ%3D%3D\">\n\t\t\t\t\t<div class=\"e-gallery-image elementor-gallery-item__image\" data-thumbnail=\"https:\/\/racetou.se\/wp-content\/uploads\/2026\/01\/IMG_0113-1-225x300.jpg\" data-width=\"225\" data-height=\"300\" aria-label=\"\" role=\"img\" ><\/div>\n\t\t\t\t\t\t\t\t\t\t\t<div class=\"elementor-gallery-item__overlay\"><\/div>\n\t\t\t\t\t\t\t\t\t\t\t\t\t\t<\/a>\n\t\t\t\t\t\t\t<a class=\"e-gallery-item elementor-gallery-item elementor-animated-content\" href=\"https:\/\/racetou.se\/wp-content\/uploads\/2026\/01\/att.aQZHDzwN7BPTa_GcXUxbjKBAWDRYegNXkTsv7aOCXvs.jpg\" data-elementor-open-lightbox=\"yes\" data-elementor-lightbox-slideshow=\"ae01b2b\" data-elementor-lightbox-title=\"att.aQZHDzwN7BPTa_GcXUxbjKBAWDRYegNXkTsv7aOCXvs\" data-e-action-hash=\"#elementor-action%3Aaction%3Dlightbox%26settings%3DeyJpZCI6MzE2LCJ1cmwiOiJodHRwczpcL1wvcmFjZXRvdS5zZVwvd3AtY29udGVudFwvdXBsb2Fkc1wvMjAyNlwvMDFcL2F0dC5hUVpIRHp3TjdCUFRhX0djWFV4YmpLQkFXRFJZZWdOWGtUc3Y3YU9DWHZzLmpwZyIsInNsaWRlc2hvdyI6ImFlMDFiMmIifQ%3D%3D\">\n\t\t\t\t\t<div class=\"e-gallery-image elementor-gallery-item__image\" data-thumbnail=\"https:\/\/racetou.se\/wp-content\/uploads\/2026\/01\/att.aQZHDzwN7BPTa_GcXUxbjKBAWDRYegNXkTsv7aOCXvs-225x300.jpg\" data-width=\"225\" data-height=\"300\" aria-label=\"Racetou milj\u00f6skyddsmatta under folkracebil\" role=\"img\" ><\/div>\n\t\t\t\t\t\t\t\t\t\t\t<div class=\"elementor-gallery-item__overlay\"><\/div>\n\t\t\t\t\t\t\t\t\t\t\t\t\t\t<\/a>\n\t\t\t\t\t\t\t<a class=\"e-gallery-item elementor-gallery-item elementor-animated-content\" href=\"https:\/\/racetou.se\/wp-content\/uploads\/2026\/01\/matta.jpg\" data-elementor-open-lightbox=\"yes\" data-elementor-lightbox-slideshow=\"ae01b2b\" data-elementor-lightbox-title=\"matta\" data-e-action-hash=\"#elementor-action%3Aaction%3Dlightbox%26settings%3DeyJpZCI6MjExLCJ1cmwiOiJodHRwczpcL1wvcmFjZXRvdS5zZVwvd3AtY29udGVudFwvdXBsb2Fkc1wvMjAyNlwvMDFcL21hdHRhLmpwZyIsInNsaWRlc2hvdyI6ImFlMDFiMmIifQ%3D%3D\">\n\t\t\t\t\t<div class=\"e-gallery-image elementor-gallery-item__image\" data-thumbnail=\"https:\/\/racetou.se\/wp-content\/uploads\/2026\/01\/matta-300x300.jpg\" data-width=\"300\" data-height=\"300\" aria-label=\"racetou milj\u00f6skyddsmatta\" role=\"img\" ><\/div>\n\t\t\t\t\t\t\t\t\t\t\t<div class=\"elementor-gallery-item__overlay\"><\/div>\n\t\t\t\t\t\t\t\t\t\t\t\t\t\t<\/a>\n\t\t\t\t\t\t\t<a class=\"e-gallery-item elementor-gallery-item elementor-animated-content\" href=\"https:\/\/racetou.se\/wp-content\/uploads\/2026\/01\/att.EbYjSXmry0nN1zbIyVxoIrtd67pHt21Crpvo75YUnTw.jpg\" data-elementor-open-lightbox=\"yes\" data-elementor-lightbox-slideshow=\"ae01b2b\" data-elementor-lightbox-title=\"att.EbYjSXmry0nN1zbIyVxoIrtd67pHt21Crpvo75YUnTw\" data-e-action-hash=\"#elementor-action%3Aaction%3Dlightbox%26settings%3DeyJpZCI6MzM3LCJ1cmwiOiJodHRwczpcL1wvcmFjZXRvdS5zZVwvd3AtY29udGVudFwvdXBsb2Fkc1wvMjAyNlwvMDFcL2F0dC5FYllqU1htcnkwbk4xemJJeVZ4b0lydGQ2N3BIdDIxQ3Jwdm83NVlVblR3LmpwZyIsInNsaWRlc2hvdyI6ImFlMDFiMmIifQ%3D%3D\">\n\t\t\t\t\t<div class=\"e-gallery-image elementor-gallery-item__image\" data-thumbnail=\"https:\/\/racetou.se\/wp-content\/uploads\/2026\/01\/att.EbYjSXmry0nN1zbIyVxoIrtd67pHt21Crpvo75YUnTw-225x300.jpg\" data-width=\"225\" data-height=\"300\" aria-label=\"Folkracebil p\u00e5 Racetou Milj\u00f6skyddsmatta i dep\u00e5\" role=\"img\" ><\/div>\n\t\t\t\t\t\t\t\t\t\t\t<div class=\"elementor-gallery-item__overlay\"><\/div>\n\t\t\t\t\t\t\t\t\t\t\t\t\t\t<\/a>\n\t\t\t\t\t\t\t<a class=\"e-gallery-item elementor-gallery-item elementor-animated-content\" href=\"https:\/\/racetou.se\/wp-content\/uploads\/2026\/01\/DSC04225.jpg\" data-elementor-open-lightbox=\"yes\" data-elementor-lightbox-slideshow=\"ae01b2b\" data-elementor-lightbox-title=\"DSC04225\" data-e-action-hash=\"#elementor-action%3Aaction%3Dlightbox%26settings%3DeyJpZCI6MzE3LCJ1cmwiOiJodHRwczpcL1wvcmFjZXRvdS5zZVwvd3AtY29udGVudFwvdXBsb2Fkc1wvMjAyNlwvMDFcL0RTQzA0MjI1LmpwZyIsInNsaWRlc2hvdyI6ImFlMDFiMmIifQ%3D%3D\">\n\t\t\t\t\t<div class=\"e-gallery-image elementor-gallery-item__image\" data-thumbnail=\"https:\/\/racetou.se\/wp-content\/uploads\/2026\/01\/DSC04225-300x196.jpg\" data-width=\"300\" data-height=\"196\" aria-label=\"Montage av racetou milj\u00f6skyddsmatta\" role=\"img\" ><\/div>\n\t\t\t\t\t\t\t\t\t\t\t<div class=\"elementor-gallery-item__overlay\"><\/div>\n\t\t\t\t\t\t\t\t\t\t\t\t\t\t<\/a>\n\t\t\t\t\t<\/div>\n\t\t\t\t\t<\/div>\n\t\t\t\t\t<\/div>\n\t\t\t\t<\/div>\n\t\t\t\t<\/div>\n\t\t","protected":false},"excerpt":{"rendered":"<p>H\u00e5ll oljan p\u00e5 mattan! Racetou Milj\u00f6skyddsmatta \u00e4r enkel att anv\u00e4nda och har en stor m\u00e4ngd till\u00e4mpningar d\u00e4r det \u00e4r viktigt att inte l\u00e5ta spill orsaka ett behov av oljesanering. I dep\u00e5n, under skotern eller under maskinerna.\u00a0 https:\/\/vimeo.com\/1158327145?share=copy&#038;fl=sv&#038;fe=ci Rallycrossf\u00f6raren Emilie Bergbom fr\u00e5n Fj\u00e4r\u00e5s demonstrerar hur enkelt det \u00e4r att montera ett mycket bra underlagsskydd med Racetou [&hellip;]<\/p>\n","protected":false},"author":2,"featured_media":0,"parent":0,"menu_order":0,"comment_status":"closed","ping_status":"closed","template":"","meta":{"footnotes":""},"class_list":["post-186","page","type-page","status-publish","hentry"],"yoast_head":"<!-- This site is optimized with the Yoast SEO plugin v27.5 - https:\/\/yoast.com\/product\/yoast-seo-wordpress\/ -->\n<title>Hur anv\u00e4nds mattan? - Racetou<\/title>\n<meta name=\"robots\" content=\"index, follow, max-snippet:-1, max-image-preview:large, max-video-preview:-1\" \/>\n<link rel=\"canonical\" href=\"https:\/\/racetou.se\/index.php\/hur-anvands-mattan\/\" \/>\n<meta property=\"og:locale\" content=\"sv_SE\" \/>\n<meta property=\"og:type\" content=\"article\" \/>\n<meta property=\"og:title\" content=\"Hur anv\u00e4nds mattan? - Racetou\" \/>\n<meta property=\"og:description\" content=\"H\u00e5ll oljan p\u00e5 mattan! Racetou Milj\u00f6skyddsmatta \u00e4r enkel att anv\u00e4nda och har en stor m\u00e4ngd till\u00e4mpningar d\u00e4r det \u00e4r viktigt att inte l\u00e5ta spill orsaka ett behov av oljesanering. I dep\u00e5n, under skotern eller under maskinerna.\u00a0 https:\/\/vimeo.com\/1158327145?share=copy&#038;fl=sv&#038;fe=ci Rallycrossf\u00f6raren Emilie Bergbom fr\u00e5n Fj\u00e4r\u00e5s demonstrerar hur enkelt det \u00e4r att montera ett mycket bra underlagsskydd med Racetou [&hellip;]\" \/>\n<meta property=\"og:url\" content=\"https:\/\/racetou.se\/index.php\/hur-anvands-mattan\/\" \/>\n<meta property=\"og:site_name\" content=\"Racetou\" \/>\n<meta property=\"article:modified_time\" content=\"2026-02-10T12:46:03+00:00\" \/>\n<meta property=\"og:image\" content=\"https:\/\/racetou.se\/wp-content\/uploads\/2026\/01\/utstallningsbild.jpg\" \/>\n\t<meta property=\"og:image:width\" content=\"1920\" \/>\n\t<meta property=\"og:image:height\" content=\"1080\" \/>\n\t<meta property=\"og:image:type\" content=\"image\/jpeg\" \/>\n<meta name=\"twitter:card\" content=\"summary_large_image\" \/>\n<meta name=\"twitter:label1\" content=\"Ber\u00e4knad l\u00e4stid\" \/>\n\t<meta name=\"twitter:data1\" content=\"1 minut\" \/>\n<script type=\"application\/ld+json\" class=\"yoast-schema-graph\">{\"@context\":\"https:\\\/\\\/schema.org\",\"@graph\":[{\"@type\":\"WebPage\",\"@id\":\"https:\\\/\\\/racetou.se\\\/index.php\\\/hur-anvands-mattan\\\/\",\"url\":\"https:\\\/\\\/racetou.se\\\/index.php\\\/hur-anvands-mattan\\\/\",\"name\":\"Hur anv\u00e4nds mattan? - Racetou\",\"isPartOf\":{\"@id\":\"https:\\\/\\\/racetou.se\\\/#website\"},\"datePublished\":\"2026-01-07T12:38:24+00:00\",\"dateModified\":\"2026-02-10T12:46:03+00:00\",\"breadcrumb\":{\"@id\":\"https:\\\/\\\/racetou.se\\\/index.php\\\/hur-anvands-mattan\\\/#breadcrumb\"},\"inLanguage\":\"sv-SE\",\"potentialAction\":[{\"@type\":\"ReadAction\",\"target\":[\"https:\\\/\\\/racetou.se\\\/index.php\\\/hur-anvands-mattan\\\/\"]}]},{\"@type\":\"BreadcrumbList\",\"@id\":\"https:\\\/\\\/racetou.se\\\/index.php\\\/hur-anvands-mattan\\\/#breadcrumb\",\"itemListElement\":[{\"@type\":\"ListItem\",\"position\":1,\"name\":\"Hem\",\"item\":\"https:\\\/\\\/racetou.se\\\/\"},{\"@type\":\"ListItem\",\"position\":2,\"name\":\"Hur anv\u00e4nds mattan?\"}]},{\"@type\":\"WebSite\",\"@id\":\"https:\\\/\\\/racetou.se\\\/#website\",\"url\":\"https:\\\/\\\/racetou.se\\\/\",\"name\":\"Racetou\",\"description\":\"Milj\u00f6skyddsmatta f\u00f6r motorracing\",\"publisher\":{\"@id\":\"https:\\\/\\\/racetou.se\\\/#organization\"},\"potentialAction\":[{\"@type\":\"SearchAction\",\"target\":{\"@type\":\"EntryPoint\",\"urlTemplate\":\"https:\\\/\\\/racetou.se\\\/?s={search_term_string}\"},\"query-input\":{\"@type\":\"PropertyValueSpecification\",\"valueRequired\":true,\"valueName\":\"search_term_string\"}}],\"inLanguage\":\"sv-SE\"},{\"@type\":\"Organization\",\"@id\":\"https:\\\/\\\/racetou.se\\\/#organization\",\"name\":\"Racetou\",\"url\":\"https:\\\/\\\/racetou.se\\\/\",\"logo\":{\"@type\":\"ImageObject\",\"inLanguage\":\"sv-SE\",\"@id\":\"https:\\\/\\\/racetou.se\\\/#\\\/schema\\\/logo\\\/image\\\/\",\"url\":\"https:\\\/\\\/racetou.se\\\/wp-content\\\/uploads\\\/2025\\\/12\\\/Rityta-1.png\",\"contentUrl\":\"https:\\\/\\\/racetou.se\\\/wp-content\\\/uploads\\\/2025\\\/12\\\/Rityta-1.png\",\"width\":325,\"height\":322,\"caption\":\"Racetou\"},\"image\":{\"@id\":\"https:\\\/\\\/racetou.se\\\/#\\\/schema\\\/logo\\\/image\\\/\"}}]}<\/script>\n<!-- \/ Yoast SEO plugin. -->","yoast_head_json":{"title":"Hur anv\u00e4nds mattan? - Racetou","robots":{"index":"index","follow":"follow","max-snippet":"max-snippet:-1","max-image-preview":"max-image-preview:large","max-video-preview":"max-video-preview:-1"},"canonical":"https:\/\/racetou.se\/index.php\/hur-anvands-mattan\/","og_locale":"sv_SE","og_type":"article","og_title":"Hur anv\u00e4nds mattan? - Racetou","og_description":"H\u00e5ll oljan p\u00e5 mattan! Racetou Milj\u00f6skyddsmatta \u00e4r enkel att anv\u00e4nda och har en stor m\u00e4ngd till\u00e4mpningar d\u00e4r det \u00e4r viktigt att inte l\u00e5ta spill orsaka ett behov av oljesanering. I dep\u00e5n, under skotern eller under maskinerna.\u00a0 https:\/\/vimeo.com\/1158327145?share=copy&#038;fl=sv&#038;fe=ci Rallycrossf\u00f6raren Emilie Bergbom fr\u00e5n Fj\u00e4r\u00e5s demonstrerar hur enkelt det \u00e4r att montera ett mycket bra underlagsskydd med Racetou [&hellip;]","og_url":"https:\/\/racetou.se\/index.php\/hur-anvands-mattan\/","og_site_name":"Racetou","article_modified_time":"2026-02-10T12:46:03+00:00","og_image":[{"width":1920,"height":1080,"url":"https:\/\/racetou.se\/wp-content\/uploads\/2026\/01\/utstallningsbild.jpg","type":"image\/jpeg"}],"twitter_card":"summary_large_image","twitter_misc":{"Ber\u00e4knad l\u00e4stid":"1 minut"},"schema":{"@context":"https:\/\/schema.org","@graph":[{"@type":"WebPage","@id":"https:\/\/racetou.se\/index.php\/hur-anvands-mattan\/","url":"https:\/\/racetou.se\/index.php\/hur-anvands-mattan\/","name":"Hur anv\u00e4nds mattan? - Racetou","isPartOf":{"@id":"https:\/\/racetou.se\/#website"},"datePublished":"2026-01-07T12:38:24+00:00","dateModified":"2026-02-10T12:46:03+00:00","breadcrumb":{"@id":"https:\/\/racetou.se\/index.php\/hur-anvands-mattan\/#breadcrumb"},"inLanguage":"sv-SE","potentialAction":[{"@type":"ReadAction","target":["https:\/\/racetou.se\/index.php\/hur-anvands-mattan\/"]}]},{"@type":"BreadcrumbList","@id":"https:\/\/racetou.se\/index.php\/hur-anvands-mattan\/#breadcrumb","itemListElement":[{"@type":"ListItem","position":1,"name":"Hem","item":"https:\/\/racetou.se\/"},{"@type":"ListItem","position":2,"name":"Hur anv\u00e4nds mattan?"}]},{"@type":"WebSite","@id":"https:\/\/racetou.se\/#website","url":"https:\/\/racetou.se\/","name":"Racetou","description":"Milj\u00f6skyddsmatta f\u00f6r motorracing","publisher":{"@id":"https:\/\/racetou.se\/#organization"},"potentialAction":[{"@type":"SearchAction","target":{"@type":"EntryPoint","urlTemplate":"https:\/\/racetou.se\/?s={search_term_string}"},"query-input":{"@type":"PropertyValueSpecification","valueRequired":true,"valueName":"search_term_string"}}],"inLanguage":"sv-SE"},{"@type":"Organization","@id":"https:\/\/racetou.se\/#organization","name":"Racetou","url":"https:\/\/racetou.se\/","logo":{"@type":"ImageObject","inLanguage":"sv-SE","@id":"https:\/\/racetou.se\/#\/schema\/logo\/image\/","url":"https:\/\/racetou.se\/wp-content\/uploads\/2025\/12\/Rityta-1.png","contentUrl":"https:\/\/racetou.se\/wp-content\/uploads\/2025\/12\/Rityta-1.png","width":325,"height":322,"caption":"Racetou"},"image":{"@id":"https:\/\/racetou.se\/#\/schema\/logo\/image\/"}}]}},"_links":{"self":[{"href":"https:\/\/racetou.se\/index.php\/wp-json\/wp\/v2\/pages\/186","targetHints":{"allow":["GET"]}}],"collection":[{"href":"https:\/\/racetou.se\/index.php\/wp-json\/wp\/v2\/pages"}],"about":[{"href":"https:\/\/racetou.se\/index.php\/wp-json\/wp\/v2\/types\/page"}],"author":[{"embeddable":true,"href":"https:\/\/racetou.se\/index.php\/wp-json\/wp\/v2\/users\/2"}],"replies":[{"embeddable":true,"href":"https:\/\/racetou.se\/index.php\/wp-json\/wp\/v2\/comments?post=186"}],"version-history":[{"count":70,"href":"https:\/\/racetou.se\/index.php\/wp-json\/wp\/v2\/pages\/186\/revisions"}],"predecessor-version":[{"id":790,"href":"https:\/\/racetou.se\/index.php\/wp-json\/wp\/v2\/pages\/186\/revisions\/790"}],"wp:attachment":[{"href":"https:\/\/racetou.se\/index.php\/wp-json\/wp\/v2\/media?parent=186"}],"curies":[{"name":"wp","href":"https:\/\/api.w.org\/{rel}","templated":true}]}}